{"id":9570,"date":"2023-11-27T09:29:41","date_gmt":"2023-11-27T08:29:41","guid":{"rendered":"http:\/\/51.210.246.10\/?page_id=9570"},"modified":"2023-12-12T16:06:31","modified_gmt":"2023-12-12T15:06:31","slug":"continew_systeme_cas_client","status":"publish","type":"page","link":"https:\/\/continew.fr\/en\/continew_systeme_cas_client\/","title":{"rendered":"CONTINEW Syst\u00e8me | Cas Client"},"content":{"rendered":"<div data-elementor-type=\"wp-page\" data-elementor-id=\"9570\" class=\"elementor elementor-9570\">\n\t\t\t\t<div class=\"elementor-element elementor-element-718d5c0 p-4 e-flex e-con-boxed e-con e-parent\" data-id=\"718d5c0\" data-element_type=\"container\" data-e-type=\"container\">\r\n\t\t\t\t\t<div class=\"e-con-inner\">\r\n\t\t\t\t<div class=\"elementor-element elementor-element-3d457c3 border-left-blue  pl-3 py-2 elementor-widget elementor-widget-heading\" data-id=\"3d457c3\" data-element_type=\"widget\" data-e-type=\"widget\" data-widget_type=\"heading.default\">\n\t\t\t\t<div class=\"elementor-widget-container\">\n\t\t\t\t\t<h2 class=\"elementor-heading-title elementor-size-default\"><b>Cas client  #11<\/b> | 1 page<\/h2>\t\t\t\t<\/div>\n\t\t\t\t<\/div>\n\t\t\t\t\t<\/div>\n\t\t\t\t<\/div>\n\t\t<div class=\"elementor-element elementor-element-1e8315a p-4 e-flex e-con-boxed e-con e-parent\" data-id=\"1e8315a\" data-element_type=\"container\" data-e-type=\"container\">\r\n\t\t\t\t\t<div class=\"e-con-inner\">\r\n\t\t\t\t<div class=\"elementor-element elementor-element-e0fc7d9 col-lg-9 elementor-widget elementor-widget-porto_ultimate_heading\" data-id=\"e0fc7d9\" data-element_type=\"widget\" data-e-type=\"widget\" data-widget_type=\"porto_ultimate_heading.default\">\n\t\t\t\t<div class=\"elementor-widget-container\">\n\t\t\t\t\t<div class=\"porto-u-heading  porto-u-ad87e2eaf3f9c495180fe0156ddf3eb0\"><div class=\"porto-u-main-heading\"><h2    style=\"margin-bottom: 20px;\">Garantir sur le long terme la continuit\u00e9 et la p\u00e9rennit\u00e9 d'un \u00e9quipement<\/h2><\/div><div class=\"porto-u-sub-heading\" style=\"\"><p>Fournisseur de rang 2 dans le monde de l\u2019a\u00e9ronautique, notre client est sp\u00e9cialis\u00e9 dans la conception et la fabrication d\u2019ensembles \u00e9lectroniques embarqu\u00e9s et est amen\u00e9 \u00e0 int\u00e9grer des sous-ensembles de fournisseurs de petites ou moyennes tailles. Il ach\u00e8te ainsi un boitier de contr\u00f4le commande int\u00e9grant une carte \u00e9lectronique avec un magn\u00e9tique sp\u00e9cifique et le firmware int\u00e9gr\u00e9.<\/p><p>L\u2019objectif\u00a0principal de notre client est de se pr\u00e9munir d\u2019une d\u00e9faillance fournisseur et de pouvoir s\u2019engager aupr\u00e8s de ses propres clients sur des p\u00e9riodes de maintenance de 20 \u00e0 40 ans. Il fait appel \u00e0 CONTINEW pour mettre en place un contrat d\u2019entiercement, avec v\u00e9rification des d\u00e9p\u00f4ts.<\/p><\/div><style>.porto-u-ad87e2eaf3f9c495180fe0156ddf3eb0.porto-u-heading{text-align:left}<\/style><\/div>\t\t\t\t<\/div>\n\t\t\t\t<\/div>\n\t\t\t\t<div class=\"elementor-element elementor-element-4946fd6 elementor-widget elementor-widget-image\" data-id=\"4946fd6\" data-element_type=\"widget\" data-e-type=\"widget\" data-widget_type=\"image.default\">\n\t\t\t\t<div class=\"elementor-widget-container\">\n\t\t\t\t\t\t\t\t\t\t\t\t\t\t\t<img fetchpriority=\"high\" decoding=\"async\" width=\"214\" height=\"300\" src=\"https:\/\/continew.fr\/wp-content\/uploads\/2023\/11\/Cas_client_Software_visuel-214x300.png\" class=\"attachment-medium size-medium wp-image-9515\" alt=\"\" \/>\t\t\t\t\t\t\t\t\t\t\t\t\t\t\t<\/div>\n\t\t\t\t<\/div>\n\t\t\t\t\t<\/div>\n\t\t\t\t<\/div>\n\t\t<div class=\"elementor-element elementor-element-9d1ea13 p-4 e-flex e-con-boxed elementor-invisible e-con e-child\" data-id=\"9d1ea13\" data-element_type=\"container\" data-e-type=\"container\" data-settings=\"{&quot;animation&quot;:&quot;fadeInLeft&quot;}\">\r\n\t\t\t\t\t<div class=\"e-con-inner\">\r\n\t\t\t\t<div class=\"elementor-element elementor-element-d157472 elementor-widget elementor-widget-shortcode\" data-id=\"d157472\" data-element_type=\"widget\" data-e-type=\"widget\" data-widget_type=\"shortcode.default\">\n\t\t\t\t<div class=\"elementor-widget-container\">\n\t\t\t\t\t\t\t<div class=\"elementor-shortcode\">\n<div class=\"wpcf7 no-js\" id=\"wpcf7-f9581-o1\" lang=\"fr-FR\" dir=\"ltr\" data-wpcf7-id=\"9581\">\n<div class=\"screen-reader-response\"><p role=\"status\" aria-live=\"polite\" aria-atomic=\"true\"><\/p> <ul><\/ul><\/div>\n<form action=\"\/en\/wp-json\/wp\/v2\/pages\/9570#wpcf7-f9581-o1\" method=\"post\" class=\"wpcf7-form init\" aria-label=\"Formulaire de contact\" novalidate=\"novalidate\" data-status=\"init\" data-trp-original-action=\"\/en\/wp-json\/wp\/v2\/pages\/9570#wpcf7-f9581-o1\">\n<fieldset class=\"hidden-fields-container\"><input type=\"hidden\" name=\"_wpcf7\" value=\"9581\" \/><input type=\"hidden\" name=\"_wpcf7_version\" value=\"6.1.5\" \/><input type=\"hidden\" name=\"_wpcf7_locale\" value=\"fr_FR\" \/><input type=\"hidden\" name=\"_wpcf7_unit_tag\" value=\"wpcf7-f9581-o1\" \/><input type=\"hidden\" name=\"_wpcf7_container_post\" value=\"0\" \/><input type=\"hidden\" name=\"_wpcf7_posted_data_hash\" value=\"\" \/><input type=\"hidden\" name=\"_wpcf7_recaptcha_response\" value=\"\" \/>\n<\/fieldset>\n<div class=\"contact-form-cell\">\n<label> Last name <span class=\"star\">*<\/span><\/label>\n\t<span class=\"wpcf7-form-control-wrap\" data-name=\"last-name\"><input size=\"40\" maxlength=\"30\" class=\"wpcf7-form-control wpcf7-text wpcf7-validates-as-required form-control rounded-input\" aria-required=\"true\" aria-invalid=\"false\" placeholder=\"Votre nom\" value=\"\" type=\"text\" name=\"last-name\" \/><\/span>\n<\/div>\n\n<div class=\"contact-form-cell\">\n<label> First name <span class=\"star\">*<\/span><\/label>\n\t<span class=\"wpcf7-form-control-wrap\" data-name=\"first-name\"><input size=\"40\" maxlength=\"30\" class=\"wpcf7-form-control wpcf7-text wpcf7-validates-as-required form-control rounded-input\" aria-required=\"true\" aria-invalid=\"false\" placeholder=\"Votre pr\u00e9nom\" value=\"\" type=\"text\" name=\"first-name\" \/><\/span>\n<\/div>\n\n<div class=\"contact-form-cell\">\n<label> Company <span class=\"star\">*<\/span><\/label>\n\t<span class=\"wpcf7-form-control-wrap\" data-name=\"company\"><input size=\"40\" maxlength=\"40\" class=\"wpcf7-form-control wpcf7-text wpcf7-validates-as-required form-control rounded-input\" aria-required=\"true\" aria-invalid=\"false\" placeholder=\"Votre soci\u00e9t\u00e9\" value=\"\" type=\"text\" name=\"company\" \/><\/span>\n<\/div>\n\n<div class=\"contact-form-cell\">\n<label> Email <span class=\"star\">*<\/span><\/label>\n\t<span class=\"wpcf7-form-control-wrap\" data-name=\"email\"><input size=\"40\" maxlength=\"40\" class=\"wpcf7-form-control wpcf7-email wpcf7-validates-as-required wpcf7-text wpcf7-validates-as-email form-control rounded-input\" aria-required=\"true\" aria-invalid=\"false\" placeholder=\"Votre email\" value=\"\" type=\"email\" name=\"email\" \/><\/span>\n<\/div>\n\n<div class=\"contact-form-cell\">\n<label> Message <\/label>\n\t<span class=\"wpcf7-form-control-wrap\" data-name=\"message\"><textarea cols=\"40\" rows=\"6\" maxlength=\"2000\" class=\"wpcf7-form-control wpcf7-textarea form-control no-resize rounded-input\" aria-invalid=\"false\" placeholder=\"Votre message...\" name=\"message\"><\/textarea><\/span>\n<\/div>\n\n<div class=\"mb-3\">\n<p class=\"small text-danger\"><span class=\"star\">*<\/span> Champs Obligatoire<\/p>\n<\/div>\n\n<div class=\"mb-3\">\n\t<p class=\"small translation-block\">The above data is collected by CONTINEW in order to process and monitor your request. To find out more about the management of your personal data and to exercise your rights, refer to our <a href=\"#\" style=\"color:#0099e6\" target=\"_self\">privacy policy.<\/a><\/p>\n<\/div>\n\n<div class=\"form-group text-center\">\n\t<input class=\"wpcf7-form-control wpcf7-submit has-spinner btn btn-modern btn-lg btn-gradient-perso btn-full-rounded\" type=\"submit\" value=\"Recevoir\" \/>\n<\/div><div class=\"wpcf7-response-output\" aria-hidden=\"true\"><\/div>\n<input type=\"hidden\" name=\"trp-form-language\" value=\"en\"\/><\/form>\n<\/div>\n<\/div>\n\t\t\t\t\t\t<\/div>\n\t\t\t\t<\/div>\n\t\t\t\t\t<\/div>\n\t\t\t\t<\/div>\n\t\t\t\t<\/div>","protected":false},"excerpt":{"rendered":"<p>Cas client #11 | 1 page Garantir sur le long terme la continuit\u00e9 et la p\u00e9rennit\u00e9 d&rsquo;un \u00e9quipement Fournisseur de rang 2 dans le monde de l\u2019a\u00e9ronautique, notre client est sp\u00e9cialis\u00e9 dans la conception et la fabrication d\u2019ensembles \u00e9lectroniques embarqu\u00e9s et est amen\u00e9 \u00e0 int\u00e9grer des sous-ensembles de fournisseurs de petites ou moyennes tailles. Il [&hellip;]<\/p>\n","protected":false},"author":1,"featured_media":0,"parent":0,"menu_order":0,"comment_status":"closed","ping_status":"closed","template":"","meta":{"inline_featured_image":false,"footnotes":""},"class_list":["post-9570","page","type-page","status-publish","hentry"],"_links":{"self":[{"href":"https:\/\/continew.fr\/en\/wp-json\/wp\/v2\/pages\/9570","targetHints":{"allow":["GET"]}}],"collection":[{"href":"https:\/\/continew.fr\/en\/wp-json\/wp\/v2\/pages"}],"about":[{"href":"https:\/\/continew.fr\/en\/wp-json\/wp\/v2\/types\/page"}],"author":[{"embeddable":true,"href":"https:\/\/continew.fr\/en\/wp-json\/wp\/v2\/users\/1"}],"replies":[{"embeddable":true,"href":"https:\/\/continew.fr\/en\/wp-json\/wp\/v2\/comments?post=9570"}],"version-history":[{"count":22,"href":"https:\/\/continew.fr\/en\/wp-json\/wp\/v2\/pages\/9570\/revisions"}],"predecessor-version":[{"id":11185,"href":"https:\/\/continew.fr\/en\/wp-json\/wp\/v2\/pages\/9570\/revisions\/11185"}],"wp:attachment":[{"href":"https:\/\/continew.fr\/en\/wp-json\/wp\/v2\/media?parent=9570"}],"curies":[{"name":"wp","href":"https:\/\/api.w.org\/{rel}","templated":true}]}}