{"id":9535,"date":"2023-11-27T09:12:34","date_gmt":"2023-11-27T08:12:34","guid":{"rendered":"http:\/\/51.210.246.10\/?page_id=9535"},"modified":"2023-12-14T16:26:18","modified_gmt":"2023-12-14T15:26:18","slug":"depot-numerique-mode-emploi","status":"publish","type":"page","link":"https:\/\/continew.fr\/en\/ressources\/depot-numerique-mode-emploi\/","title":{"rendered":"D\u00e9p\u00f4t num\u00e9rique &#8211; Mode d&#8217;emploi"},"content":{"rendered":"<div data-elementor-type=\"wp-page\" data-elementor-id=\"9535\" class=\"elementor elementor-9535\">\n\t\t\t\t<div class=\"elementor-element elementor-element-d49fb3c p-4 e-flex e-con-boxed e-con e-parent\" data-id=\"d49fb3c\" data-element_type=\"container\" data-e-type=\"container\">\r\n\t\t\t\t\t<div class=\"e-con-inner\">\r\n\t\t\t\t<div class=\"elementor-element elementor-element-b712a7b mb-5 p-3 border-left-blue elementor-widget elementor-widget-heading\" data-id=\"b712a7b\" data-element_type=\"widget\" data-e-type=\"widget\" data-widget_type=\"heading.default\">\n\t\t\t\t<div class=\"elementor-widget-container\">\n\t\t\t\t\t<h2 class=\"elementor-heading-title elementor-size-default\">Le <b>d\u00e9p\u00f4t num\u00e9rique<\/b> simple 100% <b>en ligne<\/b><\/h2>\t\t\t\t<\/div>\n\t\t\t\t<\/div>\n\t\t\t\t<div class=\"elementor-element elementor-element-bcaef64 elementor-widget elementor-widget-text-editor\" data-id=\"bcaef64\" data-element_type=\"widget\" data-e-type=\"widget\" data-widget_type=\"text-editor.default\">\n\t\t\t\t<div class=\"elementor-widget-container\">\n\t\t\t\t\t\t\t\t\t<p>Avec la plateforme de d\u00e9p\u00f4t num\u00e9rique CONTINEW, configurez votre compte, cr\u00e9ez vos dossiers, uploadez les fichiers, obtenez votre certificat de d\u00e9p\u00f4t et prot\u00e9gez votre propri\u00e9t\u00e9 intellectuelle dans tous les pays signataires de la Convention de Berne.<\/p>\t\t\t\t\t\t\t\t<\/div>\n\t\t\t\t<\/div>\n\t\t\t\t\t<\/div>\n\t\t\t\t<\/div>\n\t\t<div class=\"elementor-element elementor-element-2aa2541 e-flex e-con-boxed e-con e-parent\" data-id=\"2aa2541\" data-element_type=\"container\" data-e-type=\"container\">\r\n\t\t\t\t\t<div class=\"e-con-inner\">\r\n\t\t\t\t<div class=\"elementor-element elementor-element-12367a7 py-3 elementor-widget elementor-widget-heading\" data-id=\"12367a7\" data-element_type=\"widget\" data-e-type=\"widget\" data-widget_type=\"heading.default\">\n\t\t\t\t<div class=\"elementor-widget-container\">\n\t\t\t\t\t<h2 class=\"elementor-heading-title elementor-size-default\">Discover<\/h2>\t\t\t\t<\/div>\n\t\t\t\t<\/div>\n\t\t<div class=\"elementor-element elementor-element-d55175d e-con-full e-flex e-con e-child\" data-id=\"d55175d\" data-element_type=\"container\" data-e-type=\"container\">\r\n\t\t\t\t<div class=\"elementor-element elementor-element-43c6850 container-steps-integration elementor-widget elementor-widget-porto_steps\" data-id=\"43c6850\" data-element_type=\"widget\" data-e-type=\"widget\" data-widget_type=\"porto_steps.default\">\n\t\t\t\t<div class=\"elementor-widget-container\">\n\t\t\t\t\t<div class=\"porto-process process-horizontal\"><div class=\"process-step\"><div class=\"process-step-circle\"><strong class=\"process-step-circle-content\">1<\/strong><\/div><div class=\"process-step-content\"><h4 class=\"step-item-title\">Choice of Pack<\/h4><div class=\"process-step-desc\"><p style=\"margin-bottom:5px;\">S\u00e9lection de la langue du\ncertificat et fr\u00e9quence des d\u00e9p\u00f4ts<\/p>\n\n<p style=\"margin-bottom:5px;\">Paiement en ligne s\u00e9curis\u00e9<\/p><\/div><\/div><\/div><div class=\"process-step\"><div class=\"process-step-circle\"><strong class=\"process-step-circle-content\">2<\/strong><\/div><div class=\"process-step-content\"><h4 class=\"step-item-title\">Setting<\/h4><div class=\"process-step-desc\"><p style=\"margin-bottom:5px;\">Enregistrement ayant droit<\/p>\n<p style=\"margin-bottom:5px;\">T\u00e9l\u00e9chargement des fichiers ou\nconfiguration de connecteur<\/p>\n<p style=\"margin-bottom:5px;\">Cl\u00f4ture du d\u00e9p\u00f4t<\/p><\/div><\/div><\/div><div class=\"process-step\"><div class=\"process-step-circle\"><strong class=\"process-step-circle-content\">3<\/strong><\/div><div class=\"process-step-content\"><h4 class=\"step-item-title\">Certificat<\/h4><div class=\"process-step-desc\"><p style=\"margin-bottom:5px;\">Envoi des certificats sous 24h<\/p>\n<p style=\"margin-bottom:5px;\">Certificats t\u00e9l\u00e9chargeables sur\napp.continew.fr<\/p>\n<p style=\"margin-bottom:5px;\">Protection 50 ans \/ 181 pays<\/p><\/div><\/div><\/div><\/div>\t\t\t\t<\/div>\n\t\t\t\t<\/div>\n\t\t\t\t<\/div>\n\t\t\t\t\t<\/div>\n\t\t\t\t<\/div>\n\t\t<div class=\"elementor-element elementor-element-f7faf73 mb-5 p-4 rounded e-con-full e-flex e-con e-child\" data-id=\"f7faf73\" data-element_type=\"container\" data-e-type=\"container\" data-settings=\"{&quot;background_background&quot;:&quot;classic&quot;}\">\r\n\t\t<div class=\"elementor-element elementor-element-281441d e-con-full e-flex e-con e-child\" data-id=\"281441d\" data-element_type=\"container\" data-e-type=\"container\">\r\n\t\t\t\t<div class=\"elementor-element elementor-element-034ed7b p-3 col-lg offset-lg-1 elementor-widget elementor-widget-porto_ultimate_heading\" data-id=\"034ed7b\" data-element_type=\"widget\" data-e-type=\"widget\" data-widget_type=\"porto_ultimate_heading.default\">\n\t\t\t\t<div class=\"elementor-widget-container\">\n\t\t\t\t\t<div class=\"porto-u-heading  porto-u-7cde7bb859728a21207628191890e260\"><div class=\"porto-u-main-heading\"><h2    style=\"margin-bottom: 10px;\">Select<\/h2><\/div><div class=\"porto-u-sub-heading\" style=\"\">Le d\u00e9p\u00f4t num\u00e9rique Continew<\/div><style>.porto-u-7cde7bb859728a21207628191890e260.porto-u-heading{text-align:left}<\/style><\/div>\t\t\t\t<\/div>\n\t\t\t\t<\/div>\n\t\t<div class=\"elementor-element elementor-element-f951dda e-con-full col-lg-5 e-flex e-con e-child\" data-id=\"f951dda\" data-element_type=\"container\" data-e-type=\"container\">\r\n\t\t\t\t<div class=\"elementor-element elementor-element-4525577 border-left-orange p-3 col-md col-sm elementor-widget elementor-widget-porto_ultimate_heading\" data-id=\"4525577\" data-element_type=\"widget\" data-e-type=\"widget\" data-widget_type=\"porto_ultimate_heading.default\">\n\t\t\t\t<div class=\"elementor-widget-container\">\n\t\t\t\t\t<div class=\"porto-u-heading  porto-u-010c74965b58cdb217bc219414cb780e\"><div class=\"porto-u-main-heading\"><h2    style=\"margin-bottom: 10px;\">From<\/h2><\/div><div class=\"porto-u-sub-heading\" style=\"\"><p class=\"price\"><span class=\"price-euro\">90 \u20ac<\/span> HT<\/p><\/div><style>.porto-u-010c74965b58cdb217bc219414cb780e.porto-u-heading{text-align:left} @media(max-width:991px){ .porto-u-010c74965b58cdb217bc219414cb780e.porto-u-heading{text-align:left}} @media(max-width:767px){ .porto-u-010c74965b58cdb217bc219414cb780e.porto-u-heading{text-align:center}}<\/style><\/div>\t\t\t\t<\/div>\n\t\t\t\t<\/div>\n\t\t\t\t<div class=\"elementor-element elementor-element-877f7c7 col-lg-2 col-md col-sm elementor-widget elementor-widget-porto_button\" data-id=\"877f7c7\" data-element_type=\"widget\" data-e-type=\"widget\" data-settings=\"{&quot;align&quot;:&quot;left&quot;,&quot;align_tablet&quot;:&quot;center&quot;}\" data-widget_type=\"porto_button.default\">\n\t\t\t\t<div class=\"elementor-widget-container\">\n\t\t\t\t\t<a aria-label=\"Software escrow for developers\" class=\"btn btn-lg btn-primary btn-modern btn-full-rounded btn-gradient-perso\" href=\"https:\/\/app.continew.fr\/register\"><span >Discover our packs<\/span><\/a>\t\t\t\t<\/div>\n\t\t\t\t<\/div>\n\t\t\t\t<\/div>\n\t\t\t\t<\/div>\n\t\t\t\t<\/div>\n\t\t<div class=\"elementor-element elementor-element-6def1e2 e-flex e-con-boxed e-con e-parent\" data-id=\"6def1e2\" data-element_type=\"container\" data-e-type=\"container\">\r\n\t\t\t\t\t<div class=\"e-con-inner\">\r\n\t\t\t\t<div class=\"elementor-element elementor-element-ff2f050 elementor-widget elementor-widget-shortcode\" data-id=\"ff2f050\" data-element_type=\"widget\" data-e-type=\"widget\" data-widget_type=\"shortcode.default\">\n\t\t\t\t<div class=\"elementor-widget-container\">\n\t\t\t\t\t\t\t<div class=\"elementor-shortcode\"><style>.elementor-3625 .elementor-element.elementor-element-f5f47f3{--display:flex;--flex-direction:row;--container-widget-width:initial;--container-widget-height:100%;--container-widget-flex-grow:1;--container-widget-align-self:stretch;--flex-wrap-mobile:wrap;--gap:0px 0px;--row-gap:0px;--column-gap:0px;}.elementor-3625 .elementor-element.elementor-element-30077a7{--display:flex;--flex-direction:column;--container-widget-width:100%;--container-widget-height:initial;--container-widget-flex-grow:0;--container-widget-align-self:initial;--flex-wrap-mobile:wrap;}.elementor-widget-image .widget-image-caption{color:var( --e-global-color-text );font-family:var( --e-global-typography-text-font-family ), Poppins;font-weight:var( --e-global-typography-text-font-weight );}.elementor-3625 .elementor-element.elementor-element-dc2328f > .elementor-widget-container{margin:0px 0px 0px 0px;}.elementor-widget-text-editor{font-family:var( --e-global-typography-text-font-family ), Poppins;font-weight:var( --e-global-typography-text-font-weight );color:var( --e-global-color-text );}.elementor-widget-text-editor.elementor-drop-cap-view-stacked .elementor-drop-cap{background-color:var( --e-global-color-primary );}.elementor-widget-text-editor.elementor-drop-cap-view-framed .elementor-drop-cap, .elementor-widget-text-editor.elementor-drop-cap-view-default .elementor-drop-cap{color:var( --e-global-color-primary );border-color:var( --e-global-color-primary );}.elementor-3625 .elementor-element.elementor-element-806c55d{font-family:var( --e-global-typography-6573b8c-font-family ), Poppins;font-size:var( --e-global-typography-6573b8c-font-size );font-weight:var( --e-global-typography-6573b8c-font-weight );line-height:var( --e-global-typography-6573b8c-line-height );color:var( --e-global-color-secondary );}.elementor-3625 .elementor-element.elementor-element-57e9026{--display:flex;--align-items:center;--container-widget-width:calc( ( 1 - var( --container-widget-flex-grow ) ) * 100% );}.elementor-3625 .elementor-element.elementor-element-a33ff19 img{max-width:60%;}.elementor-3625 .elementor-element.elementor-element-0f8d90d img{max-width:60%;}.elementor-3625 .elementor-element.elementor-element-eb81d94{--display:flex;--flex-direction:column;--container-widget-width:100%;--container-widget-height:initial;--container-widget-flex-grow:0;--container-widget-align-self:initial;--flex-wrap-mobile:wrap;}.elementor-3625 .elementor-element.elementor-element-92878af > .elementor-widget-container{margin:0px 0px 0px 0px;}.elementor-3625 .elementor-element.elementor-element-96a0b38{font-family:var( --e-global-typography-6573b8c-font-family ), Poppins;font-size:var( --e-global-typography-6573b8c-font-size );font-weight:var( --e-global-typography-6573b8c-font-weight );line-height:var( --e-global-typography-6573b8c-line-height );color:var( --e-global-color-secondary );}@media(min-width:768px){.elementor-3625 .elementor-element.elementor-element-30077a7{--width:33%;}.elementor-3625 .elementor-element.elementor-element-57e9026{--width:33%;}.elementor-3625 .elementor-element.elementor-element-eb81d94{--width:33%;}}@media(max-width:991px){.elementor-3625 .elementor-element.elementor-element-806c55d{font-size:var( --e-global-typography-6573b8c-font-size );line-height:var( --e-global-typography-6573b8c-line-height );}.elementor-3625 .elementor-element.elementor-element-96a0b38{font-size:var( --e-global-typography-6573b8c-font-size );line-height:var( --e-global-typography-6573b8c-line-height );}}@media(max-width:767px){.elementor-3625 .elementor-element.elementor-element-806c55d{font-size:var( --e-global-typography-6573b8c-font-size );line-height:var( --e-global-typography-6573b8c-line-height );}.elementor-3625 .elementor-element.elementor-element-96a0b38{font-size:var( --e-global-typography-6573b8c-font-size );line-height:var( --e-global-typography-6573b8c-line-height );}}\/* Icon Box *\/\r\n\t.custom-icon-box .porto-icon { box-shadow: 0px 0px 32px -7px rgba(0,0,0,0.1); }\r\n\t.custom-icon-box .porto-icon svg { vertical-align: -.2em;}.ourservices svg { fill: #fff; width: 88px; height: auto; transition: fill .3s }\r\n\t.ourservices .service .elementor-widget-container:hover svg, .ourservices svg:hover { fill: #FEA45A; }\r\n\t.bg-black { background-color: #212529 !important; }\r\n\t.ourservices a { color: #fea45a ; }\r\n\t.ourservices a:hover { color: #ffb274; }<\/style><div class=\"porto-block\" data-id=\"3625\">\t\t<div data-elementor-type=\"wp-post\" data-elementor-id=\"3625\" class=\"elementor elementor-3625\">\n\t\t\t\t<div class=\"elementor-element elementor-element-f5f47f3 e-con-full e-flex e-con e-parent\" data-id=\"f5f47f3\" data-element_type=\"container\" data-e-type=\"container\">\r\n\t\t<div class=\"elementor-element elementor-element-30077a7 e-con-full e-flex e-con e-child\" data-id=\"30077a7\" data-element_type=\"container\" data-e-type=\"container\">\r\n\t\t\t\t<div class=\"elementor-element elementor-element-dc2328f elementor-widget elementor-widget-image\" data-id=\"dc2328f\" data-element_type=\"widget\" data-e-type=\"widget\" data-widget_type=\"image.default\">\n\t\t\t\t<div class=\"elementor-widget-container\">\n\t\t\t\t\t\t\t\t\t\t\t\t\t\t\t<img decoding=\"async\" width=\"78\" height=\"90\" src=\"https:\/\/continew.fr\/wp-content\/uploads\/2023\/11\/logo_Minalogic.svg\" class=\"attachment-full size-full wp-image-3626\" alt=\"\" \/>\t\t\t\t\t\t\t\t\t\t\t\t\t\t\t<\/div>\n\t\t\t\t<\/div>\n\t\t\t\t<div class=\"elementor-element elementor-element-806c55d elementor-widget elementor-widget-text-editor\" data-id=\"806c55d\" data-element_type=\"widget\" data-e-type=\"widget\" data-widget_type=\"text-editor.default\">\n\t\t\t\t<div class=\"elementor-widget-container\">\n\t\t\t\t\t\t\t\t\t<p style=\"text-align: center;\">CONTINEW member of the MINALOGIC cluster<\/p>\t\t\t\t\t\t\t\t<\/div>\n\t\t\t\t<\/div>\n\t\t\t\t<\/div>\n\t\t<div class=\"elementor-element elementor-element-57e9026 e-con-full e-flex e-con e-child\" data-id=\"57e9026\" data-element_type=\"container\" data-e-type=\"container\">\r\n\t\t\t\t<div class=\"elementor-element elementor-element-a33ff19 elementor-widget elementor-widget-image\" data-id=\"a33ff19\" data-element_type=\"widget\" data-e-type=\"widget\" data-widget_type=\"image.default\">\n\t\t\t\t<div class=\"elementor-widget-container\">\n\t\t\t\t\t\t\t\t\t\t\t\t\t\t\t<img decoding=\"async\" width=\"300\" height=\"138\" src=\"https:\/\/continew.fr\/wp-content\/uploads\/2023\/11\/RGPD_logo_5_coins_arrondis-300x138.png\" class=\"attachment-medium size-medium wp-image-9227\" alt=\"\" \/>\t\t\t\t\t\t\t\t\t\t\t\t\t\t\t<\/div>\n\t\t\t\t<\/div>\n\t\t\t\t<div class=\"elementor-element elementor-element-0f8d90d elementor-widget elementor-widget-image\" data-id=\"0f8d90d\" data-element_type=\"widget\" data-e-type=\"widget\" data-widget_type=\"image.default\">\n\t\t\t\t<div class=\"elementor-widget-container\">\n\t\t\t\t\t\t\t\t\t\t\t\t\t\t\t<img decoding=\"async\" width=\"300\" height=\"138\" src=\"https:\/\/continew.fr\/wp-content\/uploads\/2023\/11\/GDPR_logo_1_coins_arrondis_UK-300x138.png\" class=\"attachment-medium size-medium wp-image-9235\" alt=\"\" \/>\t\t\t\t\t\t\t\t\t\t\t\t\t\t\t<\/div>\n\t\t\t\t<\/div>\n\t\t\t\t<\/div>\n\t\t<div class=\"elementor-element elementor-element-eb81d94 e-con-full e-flex e-con e-child\" data-id=\"eb81d94\" data-element_type=\"container\" data-e-type=\"container\">\r\n\t\t\t\t<div class=\"elementor-element elementor-element-92878af elementor-widget elementor-widget-image\" data-id=\"92878af\" data-element_type=\"widget\" data-e-type=\"widget\" data-widget_type=\"image.default\">\n\t\t\t\t<div class=\"elementor-widget-container\">\n\t\t\t\t\t\t\t\t\t\t\t\t\t\t\t<img loading=\"lazy\" decoding=\"async\" width=\"100\" height=\"88\" src=\"https:\/\/continew.fr\/wp-content\/uploads\/2023\/11\/french-tech-logo.png\" class=\"attachment-full size-full wp-image-3642\" alt=\"\" \/>\t\t\t\t\t\t\t\t\t\t\t\t\t\t\t<\/div>\n\t\t\t\t<\/div>\n\t\t\t\t<div class=\"elementor-element elementor-element-96a0b38 elementor-widget elementor-widget-text-editor\" data-id=\"96a0b38\" data-element_type=\"widget\" data-e-type=\"widget\" data-widget_type=\"text-editor.default\">\n\t\t\t\t<div class=\"elementor-widget-container\">\n\t\t\t\t\t\t\t\t\t<p style=\"text-align: center;\">CONTINEW supports La French Tech<\/p>\t\t\t\t\t\t\t\t<\/div>\n\t\t\t\t<\/div>\n\t\t\t\t<\/div>\n\t\t\t\t<\/div>\n\t\t\t\t<\/div>\n\t\t<\/div><\/div>\n\t\t\t\t\t\t<\/div>\n\t\t\t\t<\/div>\n\t\t\t\t\t<\/div>\n\t\t\t\t<\/div>\n\t\t\t\t<\/div>","protected":false},"excerpt":{"rendered":"<p>Le d\u00e9p\u00f4t num\u00e9rique simple 100% en ligne Avec la plateforme de d\u00e9p\u00f4t num\u00e9rique CONTINEW, configurez votre compte, cr\u00e9ez vos dossiers, uploadez les fichiers, obtenez votre certificat de d\u00e9p\u00f4t et prot\u00e9gez votre propri\u00e9t\u00e9 intellectuelle dans tous les pays signataires de la Convention de Berne. Mode d&#8217;emploi 1 Choix du Pack S\u00e9lection de la langue du certificat [&hellip;]<\/p>\n","protected":false},"author":1,"featured_media":0,"parent":11572,"menu_order":0,"comment_status":"closed","ping_status":"closed","template":"","meta":{"inline_featured_image":false,"footnotes":""},"class_list":["post-9535","page","type-page","status-publish","hentry"],"_links":{"self":[{"href":"https:\/\/continew.fr\/en\/wp-json\/wp\/v2\/pages\/9535","targetHints":{"allow":["GET"]}}],"collection":[{"href":"https:\/\/continew.fr\/en\/wp-json\/wp\/v2\/pages"}],"about":[{"href":"https:\/\/continew.fr\/en\/wp-json\/wp\/v2\/types\/page"}],"author":[{"embeddable":true,"href":"https:\/\/continew.fr\/en\/wp-json\/wp\/v2\/users\/1"}],"replies":[{"embeddable":true,"href":"https:\/\/continew.fr\/en\/wp-json\/wp\/v2\/comments?post=9535"}],"version-history":[{"count":58,"href":"https:\/\/continew.fr\/en\/wp-json\/wp\/v2\/pages\/9535\/revisions"}],"predecessor-version":[{"id":13525,"href":"https:\/\/continew.fr\/en\/wp-json\/wp\/v2\/pages\/9535\/revisions\/13525"}],"up":[{"embeddable":true,"href":"https:\/\/continew.fr\/en\/wp-json\/wp\/v2\/pages\/11572"}],"wp:attachment":[{"href":"https:\/\/continew.fr\/en\/wp-json\/wp\/v2\/media?parent=9535"}],"curies":[{"name":"wp","href":"https:\/\/api.w.org\/{rel}","templated":true}]}}