{"id":9507,"date":"2023-11-24T16:48:35","date_gmt":"2023-11-24T15:48:35","guid":{"rendered":"http:\/\/51.210.246.10\/?page_id=9507"},"modified":"2023-12-12T16:04:49","modified_gmt":"2023-12-12T15:04:49","slug":"continew_software_cas_client","status":"publish","type":"page","link":"https:\/\/continew.fr\/en\/continew_software_cas_client\/","title":{"rendered":"CONTINEW Software | Cas Client"},"content":{"rendered":"<div data-elementor-type=\"wp-page\" data-elementor-id=\"9507\" class=\"elementor elementor-9507\">\n\t\t\t\t<div class=\"elementor-element elementor-element-ebd5847 p-4 e-flex e-con-boxed e-con e-parent\" data-id=\"ebd5847\" data-element_type=\"container\" data-e-type=\"container\">\r\n\t\t\t\t\t<div class=\"e-con-inner\">\r\n\t\t\t\t<div class=\"elementor-element elementor-element-34e1efd border-left-blue  pl-3 py-2 elementor-widget elementor-widget-heading\" data-id=\"34e1efd\" data-element_type=\"widget\" data-e-type=\"widget\" data-widget_type=\"heading.default\">\n\t\t\t\t<div class=\"elementor-widget-container\">\n\t\t\t\t\t<h2 class=\"elementor-heading-title elementor-size-default\"><b>Cas client  #10<\/b> | 1 page<\/h2>\t\t\t\t<\/div>\n\t\t\t\t<\/div>\n\t\t\t\t\t<\/div>\n\t\t\t\t<\/div>\n\t\t<div class=\"elementor-element elementor-element-264442d p-4 e-flex e-con-boxed e-con e-parent\" data-id=\"264442d\" data-element_type=\"container\" data-e-type=\"container\">\r\n\t\t\t\t\t<div class=\"e-con-inner\">\r\n\t\t\t\t<div class=\"elementor-element elementor-element-d2e961d col-lg-9 elementor-widget elementor-widget-porto_ultimate_heading\" data-id=\"d2e961d\" data-element_type=\"widget\" data-e-type=\"widget\" data-widget_type=\"porto_ultimate_heading.default\">\n\t\t\t\t<div class=\"elementor-widget-container\">\n\t\t\t\t\t<div class=\"porto-u-heading  porto-u-7cde7bb859728a21207628191890e260\"><div class=\"porto-u-main-heading\"><h2    style=\"margin-bottom: 20px;\">Poursuivre sa production lorsqu'un applicatif logiciel est d\u00e9velopp\u00e9 par un partenaire ext\u00e9rieur<\/h2><\/div><div class=\"porto-u-sub-heading\" style=\"\"><p>Dans le cas pr\u00e9sent, notre client ne peut acheter la propri\u00e9t\u00e9 intellectuelle du d\u00e9veloppement r\u00e9alis\u00e9 par un partenaire domicili\u00e9 dans un pays du nord de l\u2019Europe. Il souhaite cependant p\u00e9renniser la relation avec son fournisseur et envisager de poursuivre le d\u00e9veloppement de cet applicatif avec ce partenaire qui dispose d\u2019un retour d\u2019exp\u00e9rience sur le produit actuellement distribu\u00e9<\/p><p>Afin de garder le contr\u00f4le, il exige qu\u2019un d\u00e9p\u00f4t des sources soit r\u00e9alis\u00e9 et v\u00e9rifi\u00e9 par un tiers de confiance.<\/p><\/div><style>.porto-u-7cde7bb859728a21207628191890e260.porto-u-heading{text-align:left}<\/style><\/div>\t\t\t\t<\/div>\n\t\t\t\t<\/div>\n\t\t\t\t<div class=\"elementor-element elementor-element-537c5f4 elementor-widget elementor-widget-image\" data-id=\"537c5f4\" data-element_type=\"widget\" data-e-type=\"widget\" data-widget_type=\"image.default\">\n\t\t\t\t<div class=\"elementor-widget-container\">\n\t\t\t\t\t\t\t\t\t\t\t\t\t\t\t<img fetchpriority=\"high\" decoding=\"async\" width=\"214\" height=\"300\" src=\"https:\/\/continew.com\/wp-content\/uploads\/2023\/11\/Cas_client_Software_visuel-214x300.png\" class=\"attachment-medium size-medium wp-image-9515\" alt=\"\" \/>\t\t\t\t\t\t\t\t\t\t\t\t\t\t\t<\/div>\n\t\t\t\t<\/div>\n\t\t\t\t\t<\/div>\n\t\t\t\t<\/div>\n\t\t<div class=\"elementor-element elementor-element-9c9782f p-4 e-flex e-con-boxed elementor-invisible e-con e-child\" data-id=\"9c9782f\" data-element_type=\"container\" data-e-type=\"container\" data-settings=\"{&quot;animation&quot;:&quot;fadeInLeft&quot;}\">\r\n\t\t\t\t\t<div class=\"e-con-inner\">\r\n\t\t\t\t<div class=\"elementor-element elementor-element-f433ec7 elementor-widget elementor-widget-shortcode\" data-id=\"f433ec7\" data-element_type=\"widget\" data-e-type=\"widget\" data-widget_type=\"shortcode.default\">\n\t\t\t\t<div class=\"elementor-widget-container\">\n\t\t\t\t\t\t\t<div class=\"elementor-shortcode\">\n<div class=\"wpcf7 no-js\" id=\"wpcf7-f9522-o1\" lang=\"fr-FR\" dir=\"ltr\" data-wpcf7-id=\"9522\">\n<div class=\"screen-reader-response\"><p role=\"status\" aria-live=\"polite\" aria-atomic=\"true\"><\/p> <ul><\/ul><\/div>\n<form action=\"\/en\/wp-json\/wp\/v2\/pages\/9507#wpcf7-f9522-o1\" method=\"post\" class=\"wpcf7-form init\" aria-label=\"Formulaire de contact\" novalidate=\"novalidate\" data-status=\"init\" data-trp-original-action=\"\/en\/wp-json\/wp\/v2\/pages\/9507#wpcf7-f9522-o1\">\n<fieldset class=\"hidden-fields-container\"><input type=\"hidden\" name=\"_wpcf7\" value=\"9522\" \/><input type=\"hidden\" name=\"_wpcf7_version\" value=\"6.1.5\" \/><input type=\"hidden\" name=\"_wpcf7_locale\" value=\"fr_FR\" \/><input type=\"hidden\" name=\"_wpcf7_unit_tag\" value=\"wpcf7-f9522-o1\" \/><input type=\"hidden\" name=\"_wpcf7_container_post\" value=\"0\" \/><input type=\"hidden\" name=\"_wpcf7_posted_data_hash\" value=\"\" \/><input type=\"hidden\" name=\"_wpcf7_recaptcha_response\" value=\"\" \/>\n<\/fieldset>\n<div class=\"contact-form-cell\">\n<label> Last name <span class=\"star\">*<\/span><\/label>\n\t<span class=\"wpcf7-form-control-wrap\" data-name=\"last-name\"><input size=\"40\" maxlength=\"30\" class=\"wpcf7-form-control wpcf7-text wpcf7-validates-as-required form-control rounded-input\" aria-required=\"true\" aria-invalid=\"false\" placeholder=\"Votre nom\" value=\"\" type=\"text\" name=\"last-name\" \/><\/span>\n<\/div>\n\n<div class=\"contact-form-cell\">\n<label> First name <span class=\"star\">*<\/span><\/label>\n\t<span class=\"wpcf7-form-control-wrap\" data-name=\"first-name\"><input size=\"40\" maxlength=\"30\" class=\"wpcf7-form-control wpcf7-text wpcf7-validates-as-required form-control rounded-input\" aria-required=\"true\" aria-invalid=\"false\" placeholder=\"Votre pr\u00e9nom\" value=\"\" type=\"text\" name=\"first-name\" \/><\/span>\n<\/div>\n\n<div class=\"contact-form-cell\">\n<label> Company <span class=\"star\">*<\/span><\/label>\n\t<span class=\"wpcf7-form-control-wrap\" data-name=\"company\"><input size=\"40\" maxlength=\"40\" class=\"wpcf7-form-control wpcf7-text wpcf7-validates-as-required form-control rounded-input\" aria-required=\"true\" aria-invalid=\"false\" placeholder=\"Votre soci\u00e9t\u00e9\" value=\"\" type=\"text\" name=\"company\" \/><\/span>\n<\/div>\n\n<div class=\"contact-form-cell\">\n<label> Email <span class=\"star\">*<\/span><\/label>\n\t<span class=\"wpcf7-form-control-wrap\" data-name=\"email\"><input size=\"40\" maxlength=\"40\" class=\"wpcf7-form-control wpcf7-email wpcf7-validates-as-required wpcf7-text wpcf7-validates-as-email form-control rounded-input\" aria-required=\"true\" aria-invalid=\"false\" placeholder=\"Votre email\" value=\"\" type=\"email\" name=\"email\" \/><\/span>\n<\/div>\n\n<div class=\"contact-form-cell\">\n<label> Message <\/label>\n\t<span class=\"wpcf7-form-control-wrap\" data-name=\"message\"><textarea cols=\"40\" rows=\"6\" maxlength=\"2000\" class=\"wpcf7-form-control wpcf7-textarea form-control no-resize rounded-input\" aria-invalid=\"false\" placeholder=\"Votre message...\" name=\"message\"><\/textarea><\/span>\n<\/div>\n\n<div class=\"mb-3\">\n<p class=\"small text-danger\"><span class=\"star\">*<\/span> Champs Obligatoire<\/p>\n<\/div>\n\n<div class=\"mb-3\">\n\t<p class=\"small translation-block\">The above data is collected by CONTINEW in order to process and monitor your request. To find out more about the management of your personal data and to exercise your rights, refer to our <a href=\"#\" style=\"color:#0099e6\" target=\"_self\">privacy policy.<\/a><\/p>\n<\/div>\n\n<div class=\"form-group text-center\">\n\t<input class=\"wpcf7-form-control wpcf7-submit has-spinner btn btn-modern btn-lg btn-gradient-perso btn-full-rounded\" type=\"submit\" value=\"Recevoir\" \/>\n<\/div><div class=\"wpcf7-response-output\" aria-hidden=\"true\"><\/div>\n<input type=\"hidden\" name=\"trp-form-language\" value=\"en\"\/><\/form>\n<\/div>\n<\/div>\n\t\t\t\t\t\t<\/div>\n\t\t\t\t<\/div>\n\t\t\t\t\t<\/div>\n\t\t\t\t<\/div>\n\t\t\t\t<\/div>","protected":false},"excerpt":{"rendered":"<p>Cas client #10 | 1 page Poursuivre sa production lorsqu&rsquo;un applicatif logiciel est d\u00e9velopp\u00e9 par un partenaire ext\u00e9rieur Dans le cas pr\u00e9sent, notre client ne peut acheter la propri\u00e9t\u00e9 intellectuelle du d\u00e9veloppement r\u00e9alis\u00e9 par un partenaire domicili\u00e9 dans un pays du nord de l\u2019Europe. Il souhaite cependant p\u00e9renniser la relation avec son fournisseur et envisager [&hellip;]<\/p>\n","protected":false},"author":1,"featured_media":0,"parent":0,"menu_order":0,"comment_status":"closed","ping_status":"closed","template":"","meta":{"inline_featured_image":false,"footnotes":""},"class_list":["post-9507","page","type-page","status-publish","hentry"],"_links":{"self":[{"href":"https:\/\/continew.fr\/en\/wp-json\/wp\/v2\/pages\/9507","targetHints":{"allow":["GET"]}}],"collection":[{"href":"https:\/\/continew.fr\/en\/wp-json\/wp\/v2\/pages"}],"about":[{"href":"https:\/\/continew.fr\/en\/wp-json\/wp\/v2\/types\/page"}],"author":[{"embeddable":true,"href":"https:\/\/continew.fr\/en\/wp-json\/wp\/v2\/users\/1"}],"replies":[{"embeddable":true,"href":"https:\/\/continew.fr\/en\/wp-json\/wp\/v2\/comments?post=9507"}],"version-history":[{"count":28,"href":"https:\/\/continew.fr\/en\/wp-json\/wp\/v2\/pages\/9507\/revisions"}],"predecessor-version":[{"id":11182,"href":"https:\/\/continew.fr\/en\/wp-json\/wp\/v2\/pages\/9507\/revisions\/11182"}],"wp:attachment":[{"href":"https:\/\/continew.fr\/en\/wp-json\/wp\/v2\/media?parent=9507"}],"curies":[{"name":"wp","href":"https:\/\/api.w.org\/{rel}","templated":true}]}}