{"id":9397,"date":"2023-11-24T15:42:51","date_gmt":"2023-11-24T14:42:51","guid":{"rendered":"http:\/\/51.210.246.10\/?page_id=9397"},"modified":"2023-12-12T16:11:53","modified_gmt":"2023-12-12T15:11:53","slug":"livre_blanc_escrow_agreement_et_maitrise_des_risques_logiciels_et_systemes","status":"publish","type":"page","link":"https:\/\/continew.fr\/en\/livre_blanc_escrow_agreement_et_maitrise_des_risques_logiciels_et_systemes\/","title":{"rendered":"Livre Blanc Escrow agreement &#8211; Ma\u00eetrise des risques logiciels et syst\u00e8mes"},"content":{"rendered":"<div data-elementor-type=\"wp-page\" data-elementor-id=\"9397\" class=\"elementor elementor-9397\">\n\t\t\t\t<div class=\"elementor-element elementor-element-29717b6 my-5 p-4 e-con-full e-flex e-con e-parent\" data-id=\"29717b6\" data-element_type=\"container\" data-e-type=\"container\">\r\n\t\t<div class=\"elementor-element elementor-element-16835a3 e-flex e-con-boxed e-con e-child\" data-id=\"16835a3\" data-element_type=\"container\" data-e-type=\"container\">\r\n\t\t\t\t\t<div class=\"e-con-inner\">\r\n\t\t\t\t<div class=\"elementor-element elementor-element-70951bd border-left-blue  pl-3 py-2 elementor-widget elementor-widget-heading\" data-id=\"70951bd\" data-element_type=\"widget\" data-e-type=\"widget\" data-widget_type=\"heading.default\">\n\t\t\t\t<div class=\"elementor-widget-container\">\n\t\t\t\t\t<h2 class=\"elementor-heading-title elementor-size-default\"><b>Livre Blanc<\/b> | 20 pages - 1.76 Mo<\/h2>\t\t\t\t<\/div>\n\t\t\t\t<\/div>\n\t\t<div class=\"elementor-element elementor-element-9b29278 justify-content-center e-con-full e-flex e-con e-child\" data-id=\"9b29278\" data-element_type=\"container\" data-e-type=\"container\">\r\n\t\t<div class=\"elementor-element elementor-element-d001ca7 e-con-full mb-4 e-flex elementor-invisible e-con e-child\" data-id=\"d001ca7\" data-element_type=\"container\" data-e-type=\"container\" data-settings=\"{&quot;animation&quot;:&quot;fadeIn&quot;,&quot;animation_delay&quot;:300}\">\r\n\t\t\t\t<div class=\"elementor-element elementor-element-3f2b24e mb-4 pb-1 elementor-widget elementor-widget-porto_ultimate_heading\" data-id=\"3f2b24e\" data-element_type=\"widget\" data-e-type=\"widget\" data-widget_type=\"porto_ultimate_heading.default\">\n\t\t\t\t<div class=\"elementor-widget-container\">\n\t\t\t\t\t<div class=\"porto-u-heading  porto-u-ad87e2eaf3f9c495180fe0156ddf3eb0\"><div class=\"porto-u-main-heading\"><h2    style=\"margin-bottom: 20px;\">Escrow agreement<br\/>Ma\u00eetrise des risques logiciels et syst\u00e8mes - Edition 2023<\/h2><\/div><div class=\"porto-u-sub-heading\" style=\"\"><p class=\"lead\">Quels risques pour l\u2019activit\u00e9 de l\u2019entreprise lors de l\u2019achat d\u2019un logiciel, d\u2019un syst\u00e8me ou d\u2019un \u00e9quipement sp\u00e9cifique ? Quelles solutions pour en assurer la <strong>p\u00e9rennit\u00e9<\/strong> et la <strong>continuit\u00e9<\/strong> ?<\/p><p class=\"lead\">Cette nouvelle \u00e9dition du Livre blanc d\u00e9crypte et analyse les <strong>risques<\/strong> particuliers li\u00e9s aux actifs num\u00e9riques sp\u00e9cifiques et aborde les solutions applicables sous les aspects <strong>techniques<\/strong>, <strong>contractuels<\/strong> et <strong>organisationnels.<\/strong><\/p><\/div><style>.porto-u-ad87e2eaf3f9c495180fe0156ddf3eb0.porto-u-heading{text-align:left}<\/style><\/div>\t\t\t\t<\/div>\n\t\t\t\t<\/div>\n\t\t\t\t<\/div>\n\t\t<div class=\"elementor-element elementor-element-748f6ec mb-lg-0 mb-4 pl-3 e-con-full e-flex e-con e-child\" data-id=\"748f6ec\" data-element_type=\"container\" data-e-type=\"container\">\r\n\t\t\t\t<div class=\"elementor-element elementor-element-317b2ad br-25 elementor-widget__width-auto elementor-invisible elementor-widget elementor-widget-image\" data-id=\"317b2ad\" data-element_type=\"widget\" data-e-type=\"widget\" data-settings=\"{&quot;_animation&quot;:&quot;fadeIn&quot;,&quot;_animation_delay&quot;:300}\" data-widget_type=\"image.default\">\n\t\t\t\t<div class=\"elementor-widget-container\">\n\t\t\t\t\t\t\t\t\t\t\t\t\t\t\t<img fetchpriority=\"high\" decoding=\"async\" width=\"438\" height=\"619\" src=\"https:\/\/continew.fr\/wp-content\/uploads\/2023\/11\/Continew_visuel_Livre_Blanc_2023.png\" class=\"attachment-large size-large wp-image-3522\" alt=\"\" srcset=\"https:\/\/continew.fr\/wp-content\/uploads\/2023\/11\/Continew_visuel_Livre_Blanc_2023.png 438w, https:\/\/continew.fr\/wp-content\/uploads\/2023\/11\/Continew_visuel_Livre_Blanc_2023-400x565.png 400w, https:\/\/continew.fr\/wp-content\/uploads\/2023\/11\/Continew_visuel_Livre_Blanc_2023-367x519.png 367w\" sizes=\"(max-width: 438px) 100vw, 438px\" \/>\t\t\t\t\t\t\t\t\t\t\t\t\t\t\t<\/div>\n\t\t\t\t<\/div>\n\t\t\t\t<\/div>\n\t\t\t\t<\/div>\n\t\t\t\t\t<\/div>\n\t\t\t\t<\/div>\n\t\t\t\t<\/div>\n\t\t\t\t<\/div>","protected":false},"excerpt":{"rendered":"<p>Livre Blanc | 20 pages &#8211; 1.76 Mo Escrow agreementMa\u00eetrise des risques logiciels et syst\u00e8mes &#8211; Edition 2023 Quels risques pour l\u2019activit\u00e9 de l\u2019entreprise lors de l\u2019achat d\u2019un logiciel, d\u2019un syst\u00e8me ou d\u2019un \u00e9quipement sp\u00e9cifique ? Quelles solutions pour en assurer la p\u00e9rennit\u00e9 et la continuit\u00e9 ? Cette nouvelle \u00e9dition du Livre blanc d\u00e9crypte et [&hellip;]<\/p>\n","protected":false},"author":1,"featured_media":0,"parent":0,"menu_order":0,"comment_status":"closed","ping_status":"closed","template":"","meta":{"inline_featured_image":false,"footnotes":""},"class_list":["post-9397","page","type-page","status-publish","hentry"],"_links":{"self":[{"href":"https:\/\/continew.fr\/en\/wp-json\/wp\/v2\/pages\/9397","targetHints":{"allow":["GET"]}}],"collection":[{"href":"https:\/\/continew.fr\/en\/wp-json\/wp\/v2\/pages"}],"about":[{"href":"https:\/\/continew.fr\/en\/wp-json\/wp\/v2\/types\/page"}],"author":[{"embeddable":true,"href":"https:\/\/continew.fr\/en\/wp-json\/wp\/v2\/users\/1"}],"replies":[{"embeddable":true,"href":"https:\/\/continew.fr\/en\/wp-json\/wp\/v2\/comments?post=9397"}],"version-history":[{"count":79,"href":"https:\/\/continew.fr\/en\/wp-json\/wp\/v2\/pages\/9397\/revisions"}],"predecessor-version":[{"id":10812,"href":"https:\/\/continew.fr\/en\/wp-json\/wp\/v2\/pages\/9397\/revisions\/10812"}],"wp:attachment":[{"href":"https:\/\/continew.fr\/en\/wp-json\/wp\/v2\/media?parent=9397"}],"curies":[{"name":"wp","href":"https:\/\/api.w.org\/{rel}","templated":true}]}}