{"id":9294,"date":"2023-11-24T14:50:58","date_gmt":"2023-11-24T13:50:58","guid":{"rendered":"http:\/\/51.210.246.10\/?page_id=9294"},"modified":"2025-03-18T15:22:12","modified_gmt":"2025-03-18T14:22:12","slug":"entiercement-logiciel-mode-demploi","status":"publish","type":"page","link":"https:\/\/continew.fr\/en\/content\/entiercement-logiciel-mode-demploi\/","title":{"rendered":"Software escrow - User guide"},"content":{"rendered":"<div data-elementor-type=\"wp-page\" data-elementor-id=\"9294\" class=\"elementor elementor-9294\">\n\t\t\t\t<div class=\"elementor-element elementor-element-be5a437 p-4 e-flex e-con-boxed e-con e-parent\" data-id=\"be5a437\" data-element_type=\"container\" data-e-type=\"container\">\r\n\t\t\t\t\t<div class=\"e-con-inner\">\r\n\t\t\t\t<div class=\"elementor-element elementor-element-fed55a9 mb-5 p-3 border-left-blue elementor-widget elementor-widget-heading\" data-id=\"fed55a9\" data-element_type=\"widget\" data-e-type=\"widget\" data-widget_type=\"heading.default\">\n\t\t\t\t<div class=\"elementor-widget-container\">\n\t\t\t\t\t<h2 class=\"elementor-heading-title elementor-size-default translation-block\">100% <b>online<\/b> software <b>escrow<\/b><\/h2>\t\t\t\t<\/div>\n\t\t\t\t<\/div>\n\t\t\t\t<div class=\"elementor-element elementor-element-51acaaa elementor-widget elementor-widget-text-editor\" data-id=\"51acaaa\" data-element_type=\"widget\" data-e-type=\"widget\" data-widget_type=\"text-editor.default\">\n\t\t\t\t<div class=\"elementor-widget-container\">\n\t\t\t\t\t\t\t\t\t<p>With the 100% online CONTINEW software escrow platform, configure your account, create your files, generate and electronically sign your contracts, designate your beneficiaries, manage users, upload files and meet your customers' continuity requirements.<\/p>\t\t\t\t\t\t\t\t<\/div>\n\t\t\t\t<\/div>\n\t\t\t\t\t<\/div>\n\t\t\t\t<\/div>\n\t\t<div class=\"elementor-element elementor-element-0798552 e-con-full p-4 e-flex e-con e-parent\" data-id=\"0798552\" data-element_type=\"container\" data-e-type=\"container\">\r\n\t\t\t\t<div class=\"elementor-element elementor-element-1aa1aa2 py-3 elementor-widget elementor-widget-heading\" data-id=\"1aa1aa2\" data-element_type=\"widget\" data-e-type=\"widget\" data-widget_type=\"heading.default\">\n\t\t\t\t<div class=\"elementor-widget-container\">\n\t\t\t\t\t<h2 class=\"elementor-heading-title elementor-size-default\">Discover<\/h2>\t\t\t\t<\/div>\n\t\t\t\t<\/div>\n\t\t<div class=\"elementor-element elementor-element-398de04 e-con-full e-flex e-con e-child\" data-id=\"398de04\" data-element_type=\"container\" data-e-type=\"container\">\r\n\t\t\t\t<div class=\"elementor-element elementor-element-7a86d6b container-steps-integration elementor-widget elementor-widget-porto_steps\" data-id=\"7a86d6b\" data-element_type=\"widget\" data-e-type=\"widget\" data-widget_type=\"porto_steps.default\">\n\t\t\t\t<div class=\"elementor-widget-container\">\n\t\t\t\t\t<div class=\"porto-process process-horizontal\"><div class=\"process-step\"><div class=\"process-step-circle\"><strong class=\"process-step-circle-content\">1<\/strong><\/div><div class=\"process-step-content\"><h4 class=\"step-item-title\">Choice of Pack<\/h4><div class=\"process-step-desc\"><p style=\"margin-bottom: 5px;\">\u00a0Start-up: 1 deposit \/ 2 beneficiaries<\/p><p style=\"margin-bottom: 5px;\">\u00a0Software developer: 2 deposits \/ 5 beneficiaries<\/p><p>Software editor: 5 deposits \/ 15 beneficiaries<strong><br \/><\/strong><\/p><\/div><\/div><\/div><div class=\"process-step\"><div class=\"process-step-circle\"><strong class=\"process-step-circle-content\">2<\/strong><\/div><div class=\"process-step-content\"><h4 class=\"step-item-title\">Setting<\/h4><div class=\"process-step-desc\"><p style=\"margin-bottom: 5px;\">\u00a0Creating the folder<\/p><p style=\"margin-bottom: 5px;\">\u00a0Depositor Information<\/p><p style=\"margin-bottom: 5px;\">\u00a0Beneficiary(ies) Information<\/p><p>User rights management<\/p><\/div><\/div><\/div><div class=\"process-step\"><div class=\"process-step-circle\"><strong class=\"process-step-circle-content\">3<\/strong><\/div><div class=\"process-step-content\"><h4 class=\"step-item-title\">Contract<\/h4><div class=\"process-step-desc\"><p style=\"margin-bottom: 5px;\">\u00a0Release clauses<\/p><p style=\"margin-bottom: 5px;\">\u00a0Electronic signature<\/p><\/div><\/div><\/div><div class=\"process-step\"><div class=\"process-step-circle\"><strong class=\"process-step-circle-content\">4<\/strong><\/div><div class=\"process-step-content\"><h4 class=\"step-item-title\">Deposit<\/h4><div class=\"process-step-desc\"><p style=\"margin-bottom: 5px;\">\u00a0Downloading files<\/p><p style=\"margin-bottom: 5px;\">\u00a0Possible connection to development platforms<strong><br \/><\/strong><\/p><\/div><\/div><\/div><\/div>\t\t\t\t<\/div>\n\t\t\t\t<\/div>\n\t\t\t\t<\/div>\n\t\t\t\t<\/div>\n\t\t<div class=\"elementor-element elementor-element-b5781a9 mb-4 p-3 rounded e-con-full e-flex e-con e-child\" data-id=\"b5781a9\" data-element_type=\"container\" data-e-type=\"container\" data-settings=\"{&quot;background_background&quot;:&quot;classic&quot;}\">\r\n\t\t<div class=\"elementor-element elementor-element-63262b9 e-con-full e-flex e-con e-child\" data-id=\"63262b9\" data-element_type=\"container\" data-e-type=\"container\">\r\n\t\t\t\t<div class=\"elementor-element elementor-element-6ee0ca9 elementor-widget elementor-widget-heading\" data-id=\"6ee0ca9\" data-element_type=\"widget\" data-e-type=\"widget\" data-widget_type=\"heading.default\">\n\t\t\t\t<div class=\"elementor-widget-container\">\n\t\t\t\t\t<h2 class=\"elementor-heading-title elementor-size-default\"><p class=\"price\">FROM <span class=\"text-color-orange price-euro\">62 \u20ac<\/span> EXCL. TAX \/ MONTH<span style=\"color: var( --e-global-color-5c8699d );font-family: var( --e-global-typography-6573b8c-font-family ), Poppins;font-size: var( --e-global-typography-6573b8c-font-size );font-weight: var( --e-global-typography-6573b8c-font-weight );letter-spacing: var( --e-global-typography-6573b8c-letter-spacing );text-align: var(--text-align)\"><\/span><\/p><\/h2>\t\t\t\t<\/div>\n\t\t\t\t<\/div>\n\t\t\t\t<div class=\"elementor-element elementor-element-2bfe54c elementor-widget-divider--view-line elementor-widget elementor-widget-divider\" data-id=\"2bfe54c\" data-element_type=\"widget\" data-e-type=\"widget\" data-widget_type=\"divider.default\">\n\t\t\t\t<div class=\"elementor-widget-container\">\n\t\t\t\t\t\t\t<div class=\"elementor-divider\">\n\t\t\t<span class=\"elementor-divider-separator\">\n\t\t\t\t\t\t<\/span>\n\t\t<\/div>\n\t\t\t\t\t\t<\/div>\n\t\t\t\t<\/div>\n\t\t<div class=\"elementor-element elementor-element-39e3d39 e-con-full e-flex e-con e-child\" data-id=\"39e3d39\" data-element_type=\"container\" data-e-type=\"container\">\r\n\t\t\t\t<div class=\"elementor-element elementor-element-42e2d84 elementor-widget elementor-widget-porto_button\" data-id=\"42e2d84\" data-element_type=\"widget\" data-e-type=\"widget\" data-widget_type=\"porto_button.default\">\n\t\t\t\t<div class=\"elementor-widget-container\">\n\t\t\t\t\t<a aria-label=\"Software escrow for developers\" class=\"btn btn-lg btn-quaternary btn-modern text-uppercase p-3 btn-same-width\" href=\"\/en\/solutions\/software-escrow-agreement-on-line-continew\/#nos-tarifs\"><span >Find out more<\/span><\/a>\t\t\t\t<\/div>\n\t\t\t\t<\/div>\n\t\t\t\t<div class=\"elementor-element elementor-element-cdd1c54 mb-3 elementor-widget elementor-widget-porto_button\" data-id=\"cdd1c54\" data-element_type=\"widget\" data-e-type=\"widget\" data-widget_type=\"porto_button.default\">\n\t\t\t\t<div class=\"elementor-widget-container\">\n\t\t\t\t\t<a aria-label=\"Software escrow for developers\" class=\"btn btn-lg btn-secondary btn-modern text-uppercase p-3 btn-same-width\" href=\"\/en\/solutions\/software-escrow-agreement-on-line-continew\/#nos-tarifs\"><span >Discover our packs<\/span><\/a>\t\t\t\t<\/div>\n\t\t\t\t<\/div>\n\t\t\t\t<\/div>\n\t\t\t\t<\/div>\n\t\t\t\t<\/div>\n\t\t<div class=\"elementor-element elementor-element-0363fd4 e-flex e-con-boxed e-con e-parent\" data-id=\"0363fd4\" data-element_type=\"container\" data-e-type=\"container\">\r\n\t\t\t\t\t<div class=\"e-con-inner\">\r\n\t\t\t\t<div class=\"elementor-element elementor-element-14710d8 elementor-widget elementor-widget-shortcode\" data-id=\"14710d8\" data-element_type=\"widget\" data-e-type=\"widget\" data-widget_type=\"shortcode.default\">\n\t\t\t\t<div class=\"elementor-widget-container\">\n\t\t\t\t\t\t\t<div class=\"elementor-shortcode\"><style>.elementor-3625 .elementor-element.elementor-element-f5f47f3{--display:flex;--flex-direction:row;--container-widget-width:initial;--container-widget-height:100%;--container-widget-flex-grow:1;--container-widget-align-self:stretch;--flex-wrap-mobile:wrap;--gap:0px 0px;--row-gap:0px;--column-gap:0px;}.elementor-3625 .elementor-element.elementor-element-30077a7{--display:flex;--flex-direction:column;--container-widget-width:100%;--container-widget-height:initial;--container-widget-flex-grow:0;--container-widget-align-self:initial;--flex-wrap-mobile:wrap;}.elementor-widget-image .widget-image-caption{color:var( --e-global-color-text );font-family:var( --e-global-typography-text-font-family ), Poppins;font-weight:var( --e-global-typography-text-font-weight );}.elementor-3625 .elementor-element.elementor-element-dc2328f > .elementor-widget-container{margin:0px 0px 0px 0px;}.elementor-widget-text-editor{font-family:var( --e-global-typography-text-font-family ), Poppins;font-weight:var( --e-global-typography-text-font-weight );color:var( --e-global-color-text );}.elementor-widget-text-editor.elementor-drop-cap-view-stacked .elementor-drop-cap{background-color:var( --e-global-color-primary );}.elementor-widget-text-editor.elementor-drop-cap-view-framed .elementor-drop-cap, .elementor-widget-text-editor.elementor-drop-cap-view-default .elementor-drop-cap{color:var( --e-global-color-primary );border-color:var( --e-global-color-primary );}.elementor-3625 .elementor-element.elementor-element-806c55d{font-family:var( --e-global-typography-6573b8c-font-family ), Poppins;font-size:var( --e-global-typography-6573b8c-font-size );font-weight:var( --e-global-typography-6573b8c-font-weight );line-height:var( --e-global-typography-6573b8c-line-height );color:var( --e-global-color-secondary );}.elementor-3625 .elementor-element.elementor-element-57e9026{--display:flex;--align-items:center;--container-widget-width:calc( ( 1 - var( --container-widget-flex-grow ) ) * 100% );}.elementor-3625 .elementor-element.elementor-element-a33ff19 img{max-width:60%;}.elementor-3625 .elementor-element.elementor-element-0f8d90d img{max-width:60%;}.elementor-3625 .elementor-element.elementor-element-eb81d94{--display:flex;--flex-direction:column;--container-widget-width:100%;--container-widget-height:initial;--container-widget-flex-grow:0;--container-widget-align-self:initial;--flex-wrap-mobile:wrap;}.elementor-3625 .elementor-element.elementor-element-92878af > .elementor-widget-container{margin:0px 0px 0px 0px;}.elementor-3625 .elementor-element.elementor-element-96a0b38{font-family:var( --e-global-typography-6573b8c-font-family ), Poppins;font-size:var( --e-global-typography-6573b8c-font-size );font-weight:var( --e-global-typography-6573b8c-font-weight );line-height:var( --e-global-typography-6573b8c-line-height );color:var( --e-global-color-secondary );}@media(min-width:768px){.elementor-3625 .elementor-element.elementor-element-30077a7{--width:33%;}.elementor-3625 .elementor-element.elementor-element-57e9026{--width:33%;}.elementor-3625 .elementor-element.elementor-element-eb81d94{--width:33%;}}@media(max-width:991px){.elementor-3625 .elementor-element.elementor-element-806c55d{font-size:var( --e-global-typography-6573b8c-font-size );line-height:var( --e-global-typography-6573b8c-line-height );}.elementor-3625 .elementor-element.elementor-element-96a0b38{font-size:var( --e-global-typography-6573b8c-font-size );line-height:var( --e-global-typography-6573b8c-line-height );}}@media(max-width:767px){.elementor-3625 .elementor-element.elementor-element-806c55d{font-size:var( --e-global-typography-6573b8c-font-size );line-height:var( --e-global-typography-6573b8c-line-height );}.elementor-3625 .elementor-element.elementor-element-96a0b38{font-size:var( --e-global-typography-6573b8c-font-size );line-height:var( --e-global-typography-6573b8c-line-height );}}\/* Icon Box *\/\r\n\t.custom-icon-box .porto-icon { box-shadow: 0px 0px 32px -7px rgba(0,0,0,0.1); }\r\n\t.custom-icon-box .porto-icon svg { vertical-align: -.2em;}.ourservices svg { fill: #fff; width: 88px; height: auto; transition: fill .3s }\r\n\t.ourservices .service .elementor-widget-container:hover svg, .ourservices svg:hover { fill: #FEA45A; }\r\n\t.bg-black { background-color: #212529 !important; }\r\n\t.ourservices a { color: #fea45a ; }\r\n\t.ourservices a:hover { color: #ffb274; }<\/style><div class=\"porto-block\" data-id=\"3625\">\t\t<div data-elementor-type=\"wp-post\" data-elementor-id=\"3625\" class=\"elementor elementor-3625\">\n\t\t\t\t<div class=\"elementor-element elementor-element-f5f47f3 e-con-full e-flex e-con e-parent\" data-id=\"f5f47f3\" data-element_type=\"container\" data-e-type=\"container\">\r\n\t\t<div class=\"elementor-element elementor-element-30077a7 e-con-full e-flex e-con e-child\" data-id=\"30077a7\" data-element_type=\"container\" data-e-type=\"container\">\r\n\t\t\t\t<div class=\"elementor-element elementor-element-dc2328f elementor-widget elementor-widget-image\" data-id=\"dc2328f\" data-element_type=\"widget\" data-e-type=\"widget\" data-widget_type=\"image.default\">\n\t\t\t\t<div class=\"elementor-widget-container\">\n\t\t\t\t\t\t\t\t\t\t\t\t\t\t\t<img decoding=\"async\" width=\"78\" height=\"90\" src=\"https:\/\/continew.fr\/wp-content\/uploads\/2023\/11\/logo_Minalogic.svg\" class=\"attachment-full size-full wp-image-3626\" alt=\"\" \/>\t\t\t\t\t\t\t\t\t\t\t\t\t\t\t<\/div>\n\t\t\t\t<\/div>\n\t\t\t\t<div class=\"elementor-element elementor-element-806c55d elementor-widget elementor-widget-text-editor\" data-id=\"806c55d\" data-element_type=\"widget\" data-e-type=\"widget\" data-widget_type=\"text-editor.default\">\n\t\t\t\t<div class=\"elementor-widget-container\">\n\t\t\t\t\t\t\t\t\t<p style=\"text-align: center;\">CONTINEW member of the MINALOGIC cluster<\/p>\t\t\t\t\t\t\t\t<\/div>\n\t\t\t\t<\/div>\n\t\t\t\t<\/div>\n\t\t<div class=\"elementor-element elementor-element-57e9026 e-con-full e-flex e-con e-child\" data-id=\"57e9026\" data-element_type=\"container\" data-e-type=\"container\">\r\n\t\t\t\t<div class=\"elementor-element elementor-element-a33ff19 elementor-widget elementor-widget-image\" data-id=\"a33ff19\" data-element_type=\"widget\" data-e-type=\"widget\" data-widget_type=\"image.default\">\n\t\t\t\t<div class=\"elementor-widget-container\">\n\t\t\t\t\t\t\t\t\t\t\t\t\t\t\t<img decoding=\"async\" width=\"300\" height=\"138\" src=\"https:\/\/continew.fr\/wp-content\/uploads\/2023\/11\/RGPD_logo_5_coins_arrondis-300x138.png\" class=\"attachment-medium size-medium wp-image-9227\" alt=\"\" \/>\t\t\t\t\t\t\t\t\t\t\t\t\t\t\t<\/div>\n\t\t\t\t<\/div>\n\t\t\t\t<div class=\"elementor-element elementor-element-0f8d90d elementor-widget elementor-widget-image\" data-id=\"0f8d90d\" data-element_type=\"widget\" data-e-type=\"widget\" data-widget_type=\"image.default\">\n\t\t\t\t<div class=\"elementor-widget-container\">\n\t\t\t\t\t\t\t\t\t\t\t\t\t\t\t<img decoding=\"async\" width=\"300\" height=\"138\" src=\"https:\/\/continew.fr\/wp-content\/uploads\/2023\/11\/GDPR_logo_1_coins_arrondis_UK-300x138.png\" class=\"attachment-medium size-medium wp-image-9235\" alt=\"\" \/>\t\t\t\t\t\t\t\t\t\t\t\t\t\t\t<\/div>\n\t\t\t\t<\/div>\n\t\t\t\t<\/div>\n\t\t<div class=\"elementor-element elementor-element-eb81d94 e-con-full e-flex e-con e-child\" data-id=\"eb81d94\" data-element_type=\"container\" data-e-type=\"container\">\r\n\t\t\t\t<div class=\"elementor-element elementor-element-92878af elementor-widget elementor-widget-image\" data-id=\"92878af\" data-element_type=\"widget\" data-e-type=\"widget\" data-widget_type=\"image.default\">\n\t\t\t\t<div class=\"elementor-widget-container\">\n\t\t\t\t\t\t\t\t\t\t\t\t\t\t\t<img loading=\"lazy\" decoding=\"async\" width=\"100\" height=\"88\" src=\"https:\/\/continew.fr\/wp-content\/uploads\/2023\/11\/french-tech-logo.png\" class=\"attachment-full size-full wp-image-3642\" alt=\"\" \/>\t\t\t\t\t\t\t\t\t\t\t\t\t\t\t<\/div>\n\t\t\t\t<\/div>\n\t\t\t\t<div class=\"elementor-element elementor-element-96a0b38 elementor-widget elementor-widget-text-editor\" data-id=\"96a0b38\" data-element_type=\"widget\" data-e-type=\"widget\" data-widget_type=\"text-editor.default\">\n\t\t\t\t<div class=\"elementor-widget-container\">\n\t\t\t\t\t\t\t\t\t<p style=\"text-align: center;\">CONTINEW supports La French Tech<\/p>\t\t\t\t\t\t\t\t<\/div>\n\t\t\t\t<\/div>\n\t\t\t\t<\/div>\n\t\t\t\t<\/div>\n\t\t\t\t<\/div>\n\t\t<\/div><\/div>\n\t\t\t\t\t\t<\/div>\n\t\t\t\t<\/div>\n\t\t\t\t\t<\/div>\n\t\t\t\t<\/div>\n\t\t\t\t<\/div>","protected":false},"excerpt":{"rendered":"<p>L&rsquo;entiercement logiciel 100% en ligne Avec la plateforme d\u2019entiercement logiciel CONTINEW 100 % en ligne, configurez votre compte, cr\u00e9ez vos dossiers, g\u00e9n\u00e9rez et signez \u00e9lectroniquement vos contrats, d\u00e9signez vos b\u00e9n\u00e9ficiaires, g\u00e9rez les utilisateurs, uploadez les fichiers et r\u00e9pondez aux exigences de continuit\u00e9 de vos clients. Mode d&#8217;emploi 1 Choix du Pack \u00a0Start-up : 1 d\u00e9p\u00f4t [&hellip;]<\/p>\n","protected":false},"author":1,"featured_media":0,"parent":11599,"menu_order":0,"comment_status":"closed","ping_status":"closed","template":"","meta":{"inline_featured_image":false,"footnotes":""},"class_list":["post-9294","page","type-page","status-publish","hentry"],"_links":{"self":[{"href":"https:\/\/continew.fr\/en\/wp-json\/wp\/v2\/pages\/9294","targetHints":{"allow":["GET"]}}],"collection":[{"href":"https:\/\/continew.fr\/en\/wp-json\/wp\/v2\/pages"}],"about":[{"href":"https:\/\/continew.fr\/en\/wp-json\/wp\/v2\/types\/page"}],"author":[{"embeddable":true,"href":"https:\/\/continew.fr\/en\/wp-json\/wp\/v2\/users\/1"}],"replies":[{"embeddable":true,"href":"https:\/\/continew.fr\/en\/wp-json\/wp\/v2\/comments?post=9294"}],"version-history":[{"count":118,"href":"https:\/\/continew.fr\/en\/wp-json\/wp\/v2\/pages\/9294\/revisions"}],"predecessor-version":[{"id":15879,"href":"https:\/\/continew.fr\/en\/wp-json\/wp\/v2\/pages\/9294\/revisions\/15879"}],"up":[{"embeddable":true,"href":"https:\/\/continew.fr\/en\/wp-json\/wp\/v2\/pages\/11599"}],"wp:attachment":[{"href":"https:\/\/continew.fr\/en\/wp-json\/wp\/v2\/media?parent=9294"}],"curies":[{"name":"wp","href":"https:\/\/api.w.org\/{rel}","templated":true}]}}