{"id":6970,"date":"2023-11-20T15:29:23","date_gmt":"2023-11-20T14:29:23","guid":{"rendered":"http:\/\/51.210.246.10\/?page_id=6970"},"modified":"2024-01-05T17:11:23","modified_gmt":"2024-01-05T16:11:23","slug":"legal-notices","status":"publish","type":"page","link":"https:\/\/continew.fr\/en\/legal\/mentions-legales\/","title":{"rendered":"Legal notices"},"content":{"rendered":"<div style=\"height:50px\" aria-hidden=\"true\" class=\"wp-block-spacer\"><\/div>\n\n\n<h2 class=\"border-left-blue pl-3 mb-2 py-2 wp-block-post-title\">Legal notices<\/h2>\n\n\n<div class=\"wp-block-group is-nowrap is-layout-flex wp-container-core-group-is-layout-ad2f72ca wp-block-group-is-layout-flex\">\n<p>Last update :<\/p>\n\n\n\n<div style=\"height:100px;width:27px\" aria-hidden=\"true\" class=\"wp-block-spacer h-25 wp-container-content-8ae7b905\"><\/div>\n\n\n<div class=\"wp-block-post-date__modified-date wp-block-post-date\"><time datetime=\"2024-01-05T17:11:23+01:00\">5\/1\/2024<\/time><\/div><\/div>\n\n\n\n<div style=\"height:50px\" aria-hidden=\"true\" class=\"wp-block-spacer\"><\/div>\n\n\n\n<h4 class=\"wp-block-heading\">Site editor<\/h4>\n\n\n\n<div class=\"wp-block-columns table-mention-legal is-layout-flex wp-container-core-columns-is-layout-9d6595d7 wp-block-columns-is-layout-flex\">\n<div class=\"wp-block-column is-layout-flow wp-block-column-is-layout-flow\" style=\"flex-basis:500px\">\n<p>Company name:<\/p>\n\n\n\n<p>Company status:<\/p>\n\n\n\n<p>RCS:<\/p>\n\n\n\n<p>Address:<\/p>\n\n\n\n<p>Si\u00e8ge social :<\/p>\n\n\n\n<p>Legal representative:<\/p>\n\n\n\n<p>Code APE:<\/p>\n\n\n\n<p>Declaration CNIL:<\/p>\n\n\n\n<p>Name of editor:<\/p>\n<\/div>\n\n\n\n<div class=\"wp-block-column is-layout-flow wp-block-column-is-layout-flow\">\n<p>CONTINEW<\/p>\n\n\n\n<p>Soci\u00e9t\u00e9 par actions simplifi\u00e9e<\/p>\n\n\n\n<p>503 809 147<\/p>\n\n\n\n<p>2 bis, rue de Villiers 92300 Levallois-Perret &#8211; France<\/p>\n\n\n\n<p>16 Boulevard de Valmy 42300 Roanne &#8211; France<\/p>\n\n\n\n<p>Pr\u00e9sident : Cyril Dumoulin<\/p>\n\n\n\n<p>7022Z<\/p>\n\n\n\n<p>1318042<\/p>\n\n\n\n<p>Cyril Dumoulin<\/p>\n<\/div>\n<\/div>\n\n\n\n<h4 class=\"wp-block-heading\">Host<\/h4>\n\n\n\n<div class=\"wp-block-columns is-layout-flex wp-container-core-columns-is-layout-9d6595d7 wp-block-columns-is-layout-flex\">\n<div class=\"wp-block-column is-layout-flow wp-block-column-is-layout-flow\">\n<p>OVH SAS<\/p>\n\n\n\n<p>2 rue Kellermann &#8211; 59100 Roubaix &#8211; France<\/p>\n\n\n\n<p>RCS - 424 761 419 00045<\/p>\n\n\n\n<p>T. +33.8.20.69.87.65<\/p>\n\n\n\n<p>support@ovh.com<\/p>\n<\/div>\n\n\n\n<div class=\"wp-block-column is-layout-flow wp-block-column-is-layout-flow\"><\/div>\n<\/div>","protected":false},"excerpt":{"rendered":"<p>Derni\u00e8re mise \u00e0 jour : \u00c9diteur du site D\u00e9nomination sociale de l&rsquo;\u00e9diteur : Statut de la soci\u00e9t\u00e9 : RCS : Adresse : Si\u00e8ge social : Repr\u00e9sentant l\u00e9gal : Code APE : D\u00e9claration \u00e0 la CNIL : Nom du Directeur de la publication : CONTINEW Soci\u00e9t\u00e9 par actions simplifi\u00e9e 503 809 147 2 bis, rue de [&hellip;]<\/p>\n","protected":false},"author":1,"featured_media":0,"parent":13796,"menu_order":0,"comment_status":"closed","ping_status":"closed","template":"","meta":{"inline_featured_image":false,"footnotes":""},"class_list":["post-6970","page","type-page","status-publish","hentry"],"_links":{"self":[{"href":"https:\/\/continew.fr\/en\/wp-json\/wp\/v2\/pages\/6970","targetHints":{"allow":["GET"]}}],"collection":[{"href":"https:\/\/continew.fr\/en\/wp-json\/wp\/v2\/pages"}],"about":[{"href":"https:\/\/continew.fr\/en\/wp-json\/wp\/v2\/types\/page"}],"author":[{"embeddable":true,"href":"https:\/\/continew.fr\/en\/wp-json\/wp\/v2\/users\/1"}],"replies":[{"embeddable":true,"href":"https:\/\/continew.fr\/en\/wp-json\/wp\/v2\/comments?post=6970"}],"version-history":[{"count":11,"href":"https:\/\/continew.fr\/en\/wp-json\/wp\/v2\/pages\/6970\/revisions"}],"predecessor-version":[{"id":16125,"href":"https:\/\/continew.fr\/en\/wp-json\/wp\/v2\/pages\/6970\/revisions\/16125"}],"up":[{"embeddable":true,"href":"https:\/\/continew.fr\/en\/wp-json\/wp\/v2\/pages\/13796"}],"wp:attachment":[{"href":"https:\/\/continew.fr\/en\/wp-json\/wp\/v2\/media?parent=6970"}],"curies":[{"name":"wp","href":"https:\/\/api.w.org\/{rel}","templated":true}]}}