{"id":6956,"date":"2023-11-20T15:10:52","date_gmt":"2023-11-20T14:10:52","guid":{"rendered":"http:\/\/51.210.246.10\/?page_id=6956"},"modified":"2024-01-05T17:12:02","modified_gmt":"2024-01-05T16:12:02","slug":"conditions-generales-d-utilisation","status":"publish","type":"page","link":"https:\/\/continew.fr\/en\/legal\/conditions-generales-d-utilisation\/","title":{"rendered":"Terms of use"},"content":{"rendered":"<div style=\"height:50px\" aria-hidden=\"true\" class=\"wp-block-spacer\"><\/div>\n\n\n<h2 class=\"border-left-blue pl-3 mb-2 py-2 wp-block-post-title\">Terms of use<\/h2>\n\n\n<div class=\"wp-block-group is-nowrap is-layout-flex wp-container-core-group-is-layout-ad2f72ca wp-block-group-is-layout-flex\">\n<p>Last update :<\/p>\n\n\n\n<div style=\"height:100px;width:27px\" aria-hidden=\"true\" class=\"wp-block-spacer h-25 wp-container-content-8ae7b905\"><\/div>\n\n\n<div class=\"wp-block-post-date__modified-date wp-block-post-date\"><time datetime=\"2024-01-05T17:12:02+01:00\">5\/1\/2024<\/time><\/div><\/div>\n\n\n\n<div style=\"height:50px\" aria-hidden=\"true\" class=\"wp-block-spacer\"><\/div>\n\n\n\n<p>Continew proposes on this website information and products which are covered in the general conditions hereafter. By accessing this website, you accept to respect them. Continew reserves the right to modify these general conditions, as well as the products, services, prices, and programs mentioned on this website, at any moment, at its sole discretion, and without prior warning. Continew reserves the right to take any necessary legal action at its disposal in the case of the non-respect of these conditions. All the rights not expressly granted in the present letter are reserved.<\/p>\n\n\n\n<div style=\"height:20px\" aria-hidden=\"true\" class=\"wp-block-spacer\"><\/div>\n\n\n<h4>Copyright<\/h4>\n<p class=\"small\"><span style=\"font-size: 14px;\">The information presented on this website is protected by copyright.<\/span><\/p>\n<p class=\"small\"><span style=\"font-size: 14px;\">No part of this website can be used or reproduced in any way without the expressed written consent of Continew.<\/span><\/p>\n\n\n<div style=\"height:20px\" aria-hidden=\"true\" class=\"wp-block-spacer\"><\/div>\n\n\n<h4>Trademarks<\/h4>\n<p class=\"small\"><span style=\"font-size: 14px;\">The trademarks and product names mentioned on this website are the trademarks of their respective owners.<\/span><\/p>\n\n\n<div style=\"height:20px\" aria-hidden=\"true\" class=\"wp-block-spacer\"><\/div>\n\n\n<h4>Use of the information of this website<\/h4>\n<p class=\"small\"><span style=\"font-size: 14px;\">Unless it is specifically stated otherwise on this website, you are not authorized to publish, print, copy, or distribute the documents of this website.<\/span><\/p>\n\n\n<div style=\"height:20px\" aria-hidden=\"true\" class=\"wp-block-spacer\"><\/div>\n\n\n<h4>Guarantees, exclusions and limits of responsibility<\/h4>\n<p class=\"small\"><span style=\"font-size: 14px;\">Unless otherwise figuring in a contract that you will have signed with Continew, the totality of the information of this website are furnished as is, without guarantees nor conditions expressed or implied in any way and, notably, without guarantees nor conditions implied concerning the quality of the merchandise, the adequacy for a particular use and of non-imitation.<\/span><\/p>\n<p class=\"small\"><span style=\"font-size: 14px;\">Continew rejects any responsibility concerning errors or omissions in the information, the software programs, or other documents to which this website refers or that it permits to access by link.  This website may contain technical or other inexactitudes.  The information that it contains is regularly modified.  However, Continew makes no commitment to update the elements of this website.<\/span><\/p>\n\n\n<div style=\"height:20px\" aria-hidden=\"true\" class=\"wp-block-spacer\"><\/div>\n\n\n<h4>Links to Continew web site<\/h4>\n<p class=\"small\"><span style=\"font-size: 14px;\">Continew authorizes anyone who would so desire to create a link towards its website, under the reserve that this person respect the general conditions hereafter.\n\nA website including a link towards the website of Continew:<\/span><\/p>\n<p class=\"small\"><span style=\"font-size: 14px;\">1 \u2013 is authorized to establish a link towards the content of the website of Continew, but not to reproduce it<\/span><\/p>\n<p class=\"small\"><span style=\"font-size: 14px;\">2 - is not authorized to create a border environment or browser around the content of the website of Continew<\/span><\/p>\n<p class=\"small\"><span style=\"font-size: 14px;\">3 \u2013 must not present wrongful or erroneous information concerning the services or products of Continew<\/span><\/p>\n<p class=\"small\"><span style=\"font-size: 14px;\">4 \u2013 must not wrongly present the relationship between Continew and the creator of the link<\/span><\/p>\n<p class=\"small\"><span style=\"font-size: 14px;\">5 \u2013 must not imply that Continew approves ou sponsors the creator of the link, nor his services or products<\/span><\/p>\n<p class=\"small\"><span style=\"font-size: 14px;\">6 \u2013 must not use the logos or commercial information of Continew without the expressed written consent of Continew<\/span><\/p>\n<p class=\"small\"><span style=\"font-size: 14px;\">7 \u2013 must not include any content that could be interpreted as obscene, calumnious, defamatory, pornographic ou inappropriate for any age<\/span><\/p>\n<p class=\"small\"><span style=\"font-size: 14px;\">8 - must not include any illegal content<\/span><\/p>\n<p class=\"small\"><span style=\"font-size: 14px;\">9 \u2013 must accept to delete the link at any moment as requested by Continew, if Continew decides to exercise its reserved right to annul its consent concerning the existence of the link.<\/span><\/p>","protected":false},"excerpt":{"rendered":"<p>Derni\u00e8re mise \u00e0 jour : Continew propose sur ce site Web des informations et des produits qui font l&rsquo;objet des conditions g\u00e9n\u00e9rales ci-apr\u00e8s. En acc\u00e9dant \u00e0 ce site, vous acceptez de les respecter. Continew se r\u00e9serve le droit de modifier ces conditions g\u00e9n\u00e9rales, ainsi que les produits, services, prix et programmes mentionn\u00e9s sur ce site, [&hellip;]<\/p>\n","protected":false},"author":1,"featured_media":0,"parent":13796,"menu_order":0,"comment_status":"closed","ping_status":"closed","template":"","meta":{"inline_featured_image":false,"footnotes":""},"class_list":["post-6956","page","type-page","status-publish","hentry"],"_links":{"self":[{"href":"https:\/\/continew.fr\/en\/wp-json\/wp\/v2\/pages\/6956","targetHints":{"allow":["GET"]}}],"collection":[{"href":"https:\/\/continew.fr\/en\/wp-json\/wp\/v2\/pages"}],"about":[{"href":"https:\/\/continew.fr\/en\/wp-json\/wp\/v2\/types\/page"}],"author":[{"embeddable":true,"href":"https:\/\/continew.fr\/en\/wp-json\/wp\/v2\/users\/1"}],"replies":[{"embeddable":true,"href":"https:\/\/continew.fr\/en\/wp-json\/wp\/v2\/comments?post=6956"}],"version-history":[{"count":19,"href":"https:\/\/continew.fr\/en\/wp-json\/wp\/v2\/pages\/6956\/revisions"}],"predecessor-version":[{"id":10846,"href":"https:\/\/continew.fr\/en\/wp-json\/wp\/v2\/pages\/6956\/revisions\/10846"}],"up":[{"embeddable":true,"href":"https:\/\/continew.fr\/en\/wp-json\/wp\/v2\/pages\/13796"}],"wp:attachment":[{"href":"https:\/\/continew.fr\/en\/wp-json\/wp\/v2\/media?parent=6956"}],"curies":[{"name":"wp","href":"https:\/\/api.w.org\/{rel}","templated":true}]}}