{"id":6942,"date":"2023-11-20T14:35:55","date_gmt":"2023-11-20T13:35:55","guid":{"rendered":"http:\/\/51.210.246.10\/?page_id=6942"},"modified":"2024-01-05T17:10:51","modified_gmt":"2024-01-05T16:10:51","slug":"privacy-policy","status":"publish","type":"page","link":"https:\/\/continew.fr\/en\/legal\/politique-de-confidentialite\/","title":{"rendered":"Privacy"},"content":{"rendered":"<div style=\"height:50px\" aria-hidden=\"true\" class=\"wp-block-spacer\"><\/div>\n\n\n<h2 class=\"border-left-blue pl-3 mb-2 py-2 wp-block-post-title\">Privacy<\/h2>\n\n\n<div class=\"wp-block-group is-nowrap is-layout-flex wp-container-core-group-is-layout-ad2f72ca wp-block-group-is-layout-flex\">\n<p>Last update :<\/p>\n\n\n\n<div style=\"height:100px;width:27px\" aria-hidden=\"true\" class=\"wp-block-spacer h-25 wp-container-content-8ae7b905\"><\/div>\n\n\n<div class=\"wp-block-post-date__modified-date wp-block-post-date\"><time datetime=\"2024-01-05T17:10:51+01:00\">5\/1\/2024<\/time><\/div><\/div>\n\n\n\n<div style=\"height:50px\" aria-hidden=\"true\" class=\"wp-block-spacer\"><\/div>\n\n\n<h4><strong>Compliance with applicable regulations<\/strong><\/h4>\n<p class=\"small\"><span style=\"font-size: 14px;\">CONTINEW undertakes to comply with the legal and regulatory provisions in force relating to data processing, files and freedoms, in particular Law No. 78-17 of January 6, 1978, as amended by Law no. \u00b0 2004-801 of 6 August 2004, and Regulation (EU) 2016\/679 of the European Parliament and of the Council of 27 April 2016 on the protection of natural persons with regard to the processing of personal data and on the free movement of such data, and repealing Directive 95\/46\/EC (General Data Protection Regulation or GDPR).<\/span><\/p>\n\n\n<div style=\"height:20px\" aria-hidden=\"true\" class=\"wp-block-spacer\"><\/div>\n\n\n\n<h4 class=\"wp-block-heading\">Processing performed for the Customer<\/h4>\n\n\n\n<p>The creation of a Customer Account by a user implies the collection and automated processing by CONTINEW of a certain number of personal information and data of connection necessary for the good use of the Services proposed by the Site and the Customer Area. CONTINEW undertakes to comply with the current legislation on the protection of privacy with regard to the automated processing of personal data collected will be subject.<\/p>\n\n\n\n<p>The automated processing of data from the Site has been registered with the CNIL under number 1318042.<\/p>\n\n\n\n<p>The personal data are collected and used by CONTINEW to ensure the management of access and actions of the Customer to the Services offered by the Site and the Customer Area and to improve and personalize the Services and the Customer relationship. This personal data also allows CONTINEW to ensure compliance with its legal and regulatory obligations and to establish statistics, audience measurement and market research.<\/p>\n\n\n\n<p>Subject to his prior information and his absence of opposition, any referent of a Customer of the Site is likely to receive solicitations, offers and promotional messages of CONTINEW only to his e-mail address.<\/p>\n\n\n\n<p>The personal data collected by CONTINEW are processed and stored at the host of the Site identified in the preamble under conditions designed to ensure their security and are kept for the period strictly necessary for the accomplishment of the purposes mentioned above. Beyond this period, they will be kept for exclusively statistical purposes and will not give rise to any exploitation of any kind whatsoever.<\/p>\n\n\n\n<p>In accordance with the Data Protection Act of January 6, 1978, any referent of a Customer of the Site has a right of access, rectification and opposition to personal data concerning him, which he can exercise directly with CONTINEW.<\/p>\n\n\n\n<div style=\"height:20px\" aria-hidden=\"true\" class=\"wp-block-spacer\"><\/div>\n\n\n<h4>Right of access to the data<\/h4>\n<p class=\"small\"><span style=\"font-size: 14px;\">The customer can ask CONTINEW for the communication of the information concerning him and to have them rectified if necessary, in accordance with the law n \u00b0 78-17 of January 6th, 1978 on data processing, the files and the freedom.<\/span><\/p>\n<p class=\"small\"><span style=\"font-size: 14px;\">These rights may be exercised with CONTINEW at the following addresses:<\/span><\/p>\n<p class=\"small\"><span style=\"font-size: 14px;\">- 16 boulevard de Valmy - 42300 Roanne \u2013 France - T: +33 (0) 4 81 17 00 40<\/span><\/p>\n<p class=\"small\"><span style=\"font-size: 14px;\">- 2 bis rue de Villiers - 92300 Levallois-Perret \u2013 France -T: +33 (0 ) 1 48 06 70 03<\/span><\/p>\n<p class=\"small\"><span style=\"font-size: 14px;\">- by email: rgpd@continew.fr<\/span><\/p>\n<p>\u00a0<\/p>\n\n\n<\/p>\n<p>\n\n\n\n<\/p>\n<p>\n\n\n<\/p>\n\n\n<div style=\"height:20px\" aria-hidden=\"true\" class=\"wp-block-spacer\"><\/div>\n\n\n<h4>Retention and archiving of transactions<\/h4>\n<p>Unless proved otherwise, the data recorded by the CONTINEW Services constitutes proof of all past transactions. The filing of Orders, receipts and invoices is done on a reliable and durable medium so as to correspond to a faithful and durable copy. It is performed in accordance with standard standards for the design and operation of computer systems to ensure the retention and integrity of records stored in such systems. The preservation and the archiving respect the requirements of the law n \u00b0 78-17 of January 6th, 1978 on the computing, the files and the freedom.<\/p>","protected":false},"excerpt":{"rendered":"<p>Derni\u00e8re mise \u00e0 jour : Respect de la r\u00e9glementation applicable CONTINEW s&rsquo;engage \u00e0 respecter les dispositions l\u00e9gales et r\u00e9glementaires en vigueur relatives \u00e0 l&rsquo;informatique, aux fichiers et aux libert\u00e9s, notamment la loi n\u00b078-17 du 6 janvier 1978 modifi\u00e9e par la Loi n\u00b02004-801 du 6 ao\u00fbt 2004, ainsi que le r\u00e8glement g\u00e9n\u00e9ral sur la protection des [&hellip;]<\/p>\n","protected":false},"author":1,"featured_media":0,"parent":13796,"menu_order":0,"comment_status":"closed","ping_status":"closed","template":"","meta":{"inline_featured_image":false,"footnotes":""},"class_list":["post-6942","page","type-page","status-publish","hentry"],"_links":{"self":[{"href":"https:\/\/continew.fr\/en\/wp-json\/wp\/v2\/pages\/6942","targetHints":{"allow":["GET"]}}],"collection":[{"href":"https:\/\/continew.fr\/en\/wp-json\/wp\/v2\/pages"}],"about":[{"href":"https:\/\/continew.fr\/en\/wp-json\/wp\/v2\/types\/page"}],"author":[{"embeddable":true,"href":"https:\/\/continew.fr\/en\/wp-json\/wp\/v2\/users\/1"}],"replies":[{"embeddable":true,"href":"https:\/\/continew.fr\/en\/wp-json\/wp\/v2\/comments?post=6942"}],"version-history":[{"count":26,"href":"https:\/\/continew.fr\/en\/wp-json\/wp\/v2\/pages\/6942\/revisions"}],"predecessor-version":[{"id":13255,"href":"https:\/\/continew.fr\/en\/wp-json\/wp\/v2\/pages\/6942\/revisions\/13255"}],"up":[{"embeddable":true,"href":"https:\/\/continew.fr\/en\/wp-json\/wp\/v2\/pages\/13796"}],"wp:attachment":[{"href":"https:\/\/continew.fr\/en\/wp-json\/wp\/v2\/media?parent=6942"}],"curies":[{"name":"wp","href":"https:\/\/api.w.org\/{rel}","templated":true}]}}