{"id":13579,"date":"2024-01-03T15:47:31","date_gmt":"2024-01-03T14:47:31","guid":{"rendered":"https:\/\/continew.fr\/"},"modified":"2024-07-12T12:07:29","modified_gmt":"2024-07-12T10:07:29","slug":"quest-ce-que-lescrow-agreement","status":"publish","type":"page","link":"https:\/\/continew.fr\/en\/content\/quest-ce-que-lescrow-agreement\/","title":{"rendered":"Qu&rsquo;est-ce que l&rsquo;escrow agreement ?"},"content":{"rendered":"<div data-elementor-type=\"wp-page\" data-elementor-id=\"13579\" class=\"elementor elementor-13579\">\n\t\t\t\t<div class=\"elementor-element elementor-element-452c5b8 mb-3 py-2 px-4 border-left-orange ctn-card-not-hover w-fit-content e-flex e-con-boxed e-con e-child\" data-id=\"452c5b8\" data-element_type=\"container\" data-e-type=\"container\">\r\n\t\t\t\t\t<div class=\"e-con-inner\">\r\n\t\t\t\t<div class=\"elementor-element elementor-element-4effd0f elementor-widget elementor-widget-porto_info_box\" data-id=\"4effd0f\" data-element_type=\"widget\" data-e-type=\"widget\" data-widget_type=\"porto_info_box.default\">\n\t\t\t\t<div class=\"elementor-widget-container\">\n\t\t\t\t\t<div class=\"porto-sicon-box style_1 top-icon text-left\"><div class=\"porto-sicon-description\" style=\"\" >The Escrow Agreement is a legal arrangement based on a contract between a supplier (depositor), an end user (beneficiary) and a trusted third party (escrow agent). On a purely legal level, the Escrow Agreement contract implements the principle of stipulation for third parties, governed by article 1205 of the French Civil Code.<\/div> <!-- description --><\/div><!-- porto-sicon-box -->\t\t\t\t<\/div>\n\t\t\t\t<\/div>\n\t\t\t\t\t<\/div>\n\t\t\t\t<\/div>\n\t\t<div class=\"elementor-element elementor-element-ddb345d e-con-full e-flex e-con e-parent\" data-id=\"ddb345d\" data-element_type=\"container\" data-e-type=\"container\">\r\n\t\t\t\t<div class=\"elementor-element elementor-element-4ecaa39 elementor-widget elementor-widget-shortcode\" data-id=\"4ecaa39\" data-element_type=\"widget\" data-e-type=\"widget\" data-widget_type=\"shortcode.default\">\n\t\t\t\t<div class=\"elementor-widget-container\">\n\t\t\t\t\t\t\t<div class=\"elementor-shortcode\"><style>.elementor-14508 .elementor-element.elementor-element-d333b1f{--display:flex;--flex-direction:column;--container-widget-width:100%;--container-widget-height:initial;--container-widget-flex-grow:0;--container-widget-align-self:initial;--flex-wrap-mobile:wrap;}.elementor-14508 .elementor-element.elementor-element-d333b1f:not(.elementor-motion-effects-element-type-background), .elementor-14508 .elementor-element.elementor-element-d333b1f > .elementor-motion-effects-container > .elementor-motion-effects-layer{background-color:var( --e-global-color-4120c79 );}.elementor-14508 .elementor-element.elementor-element-e0026d0 .porto-u-main-heading > *{font-family:var( --e-global-typography-ce72028-font-family ), Poppins;font-size:var( --e-global-typography-ce72028-font-size );font-weight:var( --e-global-typography-ce72028-font-weight );text-transform:var( --e-global-typography-ce72028-text-transform );line-height:var( --e-global-typography-ce72028-line-height );letter-spacing:var( --e-global-typography-ce72028-letter-spacing );}.elementor-14508 .elementor-element.elementor-element-e0026d0 .porto-u-sub-heading{font-family:var( --e-global-typography-6573b8c-font-family ), Poppins;font-size:var( --e-global-typography-6573b8c-font-size );font-weight:var( --e-global-typography-6573b8c-font-weight );line-height:var( --e-global-typography-6573b8c-line-height );}.elementor-14508 .elementor-element.elementor-element-1281b24{--display:flex;--flex-direction:row;--container-widget-width:initial;--container-widget-height:100%;--container-widget-flex-grow:1;--container-widget-align-self:stretch;--flex-wrap-mobile:wrap;--gap:20px 20px;--row-gap:20px;--column-gap:20px;}.elementor-14508 .elementor-element.elementor-element-d028de4{--display:flex;}.elementor-14508 .elementor-element.elementor-element-d028de4:not(.elementor-motion-effects-element-type-background), .elementor-14508 .elementor-element.elementor-element-d028de4 > .elementor-motion-effects-container > .elementor-motion-effects-layer{background-color:var( --e-global-color-5c8699d );}.elementor-element-eb40c05 .porto-sicon-box.top-icon{text-align:center;}.elementor-14508 .elementor-element.elementor-element-eb40c05 .porto-sicon-img{font-size:150px;}.elementor-14508 .elementor-element.elementor-element-eb40c05 .porto-icon, .elementor-14508 .elementor-element.elementor-element-eb40c05 .porto-sicon-img{margin:0px 0px 0px 0px;}.elementor-14508 .elementor-element.elementor-element-eb40c05 .porto-sicon-title{font-family:var( --e-global-typography-51b8f70-font-family ), Poppins;font-size:var( --e-global-typography-51b8f70-font-size );font-weight:var( --e-global-typography-51b8f70-font-weight );line-height:var( --e-global-typography-51b8f70-line-height );color:var( --e-global-color-primary );}.elementor-14508 .elementor-element.elementor-element-eb40c05 .porto-sicon-header p{font-family:var( --e-global-typography-008ce58-font-family ), Poppins;font-size:var( --e-global-typography-008ce58-font-size );font-weight:var( --e-global-typography-008ce58-font-weight );line-height:var( --e-global-typography-008ce58-line-height );color:var( --e-global-color-6705154 );}.elementor-14508 .elementor-element.elementor-element-eb40c05 .porto-sicon-description{color:var( --e-global-color-6705154 );}.elementor-14508 .elementor-element.elementor-element-eb40c05 .porto-sicon-header{margin-bottom:10px;}.elementor-14508 .elementor-element.elementor-element-46d708f{--display:flex;}.elementor-14508 .elementor-element.elementor-element-46d708f:not(.elementor-motion-effects-element-type-background), .elementor-14508 .elementor-element.elementor-element-46d708f > .elementor-motion-effects-container > .elementor-motion-effects-layer{background-color:var( --e-global-color-5c8699d );}.elementor-element-6a84e58 .porto-sicon-box.top-icon{text-align:center;}.elementor-14508 .elementor-element.elementor-element-6a84e58 .porto-sicon-img{font-size:150px;}.elementor-14508 .elementor-element.elementor-element-6a84e58 .porto-icon, .elementor-14508 .elementor-element.elementor-element-6a84e58 .porto-sicon-img{margin:0px 0px 0px 0px;}.elementor-14508 .elementor-element.elementor-element-6a84e58 .porto-sicon-title{font-family:var( --e-global-typography-51b8f70-font-family ), Poppins;font-size:var( --e-global-typography-51b8f70-font-size );font-weight:var( --e-global-typography-51b8f70-font-weight );line-height:var( --e-global-typography-51b8f70-line-height );color:var( --e-global-color-primary );}.elementor-14508 .elementor-element.elementor-element-6a84e58 .porto-sicon-header p{font-family:var( --e-global-typography-008ce58-font-family ), Poppins;font-size:var( --e-global-typography-008ce58-font-size );font-weight:var( --e-global-typography-008ce58-font-weight );line-height:var( --e-global-typography-008ce58-line-height );color:var( --e-global-color-6705154 );}.elementor-14508 .elementor-element.elementor-element-6a84e58 .porto-sicon-description{color:var( --e-global-color-6705154 );}.elementor-14508 .elementor-element.elementor-element-6a84e58 .porto-sicon-header{margin-bottom:10px;}.elementor-14508 .elementor-element.elementor-element-58d146e{--display:flex;}.elementor-14508 .elementor-element.elementor-element-58d146e:not(.elementor-motion-effects-element-type-background), .elementor-14508 .elementor-element.elementor-element-58d146e > .elementor-motion-effects-container > .elementor-motion-effects-layer{background-color:var( --e-global-color-5c8699d );}.elementor-element-2186c22 .porto-sicon-box.top-icon{text-align:center;}.elementor-14508 .elementor-element.elementor-element-2186c22 .porto-sicon-img{font-size:150px;}.elementor-14508 .elementor-element.elementor-element-2186c22 .porto-icon, .elementor-14508 .elementor-element.elementor-element-2186c22 .porto-sicon-img{margin:0px 0px 0px 0px;}.elementor-14508 .elementor-element.elementor-element-2186c22 .porto-sicon-title{font-family:var( --e-global-typography-51b8f70-font-family ), Poppins;font-size:var( --e-global-typography-51b8f70-font-size );font-weight:var( --e-global-typography-51b8f70-font-weight );line-height:var( --e-global-typography-51b8f70-line-height );color:var( --e-global-color-primary );}.elementor-14508 .elementor-element.elementor-element-2186c22 .porto-sicon-header p{font-family:var( --e-global-typography-008ce58-font-family ), Poppins;font-size:var( --e-global-typography-008ce58-font-size );font-weight:var( --e-global-typography-008ce58-font-weight );line-height:var( --e-global-typography-008ce58-line-height );color:var( --e-global-color-6705154 );}.elementor-14508 .elementor-element.elementor-element-2186c22 .porto-sicon-description{color:var( --e-global-color-6705154 );}.elementor-14508 .elementor-element.elementor-element-2186c22 .porto-sicon-header{margin-bottom:10px;}@media(max-width:991px){.elementor-14508 .elementor-element.elementor-element-e0026d0 .porto-u-main-heading > *{font-size:var( --e-global-typography-ce72028-font-size );line-height:var( --e-global-typography-ce72028-line-height );letter-spacing:var( --e-global-typography-ce72028-letter-spacing );}.elementor-14508 .elementor-element.elementor-element-e0026d0 .porto-u-sub-heading{font-size:var( --e-global-typography-6573b8c-font-size );line-height:var( --e-global-typography-6573b8c-line-height );}.elementor-14508 .elementor-element.elementor-element-1281b24{--justify-content:center;--gap:20px 20px;--row-gap:20px;--column-gap:20px;--flex-wrap:wrap;}.elementor-14508 .elementor-element.elementor-element-eb40c05 .porto-sicon-title{font-size:var( --e-global-typography-51b8f70-font-size );line-height:var( --e-global-typography-51b8f70-line-height );}.elementor-14508 .elementor-element.elementor-element-eb40c05 .porto-sicon-header p{font-size:var( --e-global-typography-008ce58-font-size );line-height:var( --e-global-typography-008ce58-line-height );}.elementor-14508 .elementor-element.elementor-element-6a84e58 .porto-sicon-title{font-size:var( --e-global-typography-51b8f70-font-size );line-height:var( --e-global-typography-51b8f70-line-height );}.elementor-14508 .elementor-element.elementor-element-6a84e58 .porto-sicon-header p{font-size:var( --e-global-typography-008ce58-font-size );line-height:var( --e-global-typography-008ce58-line-height );}.elementor-14508 .elementor-element.elementor-element-2186c22 .porto-sicon-title{font-size:var( --e-global-typography-51b8f70-font-size );line-height:var( --e-global-typography-51b8f70-line-height );}.elementor-14508 .elementor-element.elementor-element-2186c22 .porto-sicon-header p{font-size:var( --e-global-typography-008ce58-font-size );line-height:var( --e-global-typography-008ce58-line-height );}}@media(max-width:767px){.elementor-14508 .elementor-element.elementor-element-e0026d0 .porto-u-main-heading > *{font-size:var( --e-global-typography-ce72028-font-size );line-height:var( --e-global-typography-ce72028-line-height );letter-spacing:var( --e-global-typography-ce72028-letter-spacing );}.elementor-14508 .elementor-element.elementor-element-e0026d0 .porto-u-sub-heading{font-size:var( --e-global-typography-6573b8c-font-size );line-height:var( --e-global-typography-6573b8c-line-height );}.elementor-14508 .elementor-element.elementor-element-eb40c05 .porto-sicon-title{font-size:var( --e-global-typography-51b8f70-font-size );line-height:var( --e-global-typography-51b8f70-line-height );}.elementor-14508 .elementor-element.elementor-element-eb40c05 .porto-sicon-header p{font-size:var( --e-global-typography-008ce58-font-size );line-height:var( --e-global-typography-008ce58-line-height );}.elementor-14508 .elementor-element.elementor-element-6a84e58 .porto-sicon-title{font-size:var( --e-global-typography-51b8f70-font-size );line-height:var( --e-global-typography-51b8f70-line-height );}.elementor-14508 .elementor-element.elementor-element-6a84e58 .porto-sicon-header p{font-size:var( --e-global-typography-008ce58-font-size );line-height:var( --e-global-typography-008ce58-line-height );}.elementor-14508 .elementor-element.elementor-element-2186c22 .porto-sicon-title{font-size:var( --e-global-typography-51b8f70-font-size );line-height:var( --e-global-typography-51b8f70-line-height );}.elementor-14508 .elementor-element.elementor-element-2186c22 .porto-sicon-header p{font-size:var( --e-global-typography-008ce58-font-size );line-height:var( --e-global-typography-008ce58-line-height );}}<\/style><div class=\"porto-block\" data-id=\"14508\">\t\t<div data-elementor-type=\"wp-post\" data-elementor-id=\"14508\" class=\"elementor elementor-14508\">\n\t\t\t\t<div class=\"elementor-element elementor-element-d333b1f p-4 e-flex e-con-boxed e-con e-parent\" data-id=\"d333b1f\" data-element_type=\"container\" data-e-type=\"container\" data-settings=\"{&quot;background_background&quot;:&quot;classic&quot;}\">\r\n\t\t\t\t\t<div class=\"e-con-inner\">\r\n\t\t\t\t<div class=\"elementor-element elementor-element-e0026d0 elementor-widget elementor-widget-porto_ultimate_heading\" data-id=\"e0026d0\" data-element_type=\"widget\" data-e-type=\"widget\" data-widget_type=\"porto_ultimate_heading.default\">\n\t\t\t\t<div class=\"elementor-widget-container\">\n\t\t\t\t\t<div class=\"porto-u-heading  porto-u-55ca8359258f9a412be7e73af65d2aac\"><div class=\"porto-u-main-heading\"><h2   >Escrow agreement<\/h2><\/div><div class=\"porto-u-sub-heading\" style=\"\"><div><div><p>Discover CONTINEW solutions<\/p><\/div><\/div><\/div><style>.porto-u-55ca8359258f9a412be7e73af65d2aac.porto-u-heading{text-align:center}<\/style><\/div>\t\t\t\t<\/div>\n\t\t\t\t<\/div>\n\t\t<div class=\"elementor-element elementor-element-1281b24 e-con-full e-flex e-con e-child\" data-id=\"1281b24\" data-element_type=\"container\" data-e-type=\"container\">\r\n\t\t<div class=\"elementor-element elementor-element-d028de4 e-con-full ctn-card border border-top-orange p-4 icon-box-other-services col-lg-4 col-md-5 col-12 e-flex e-con e-child\" data-id=\"d028de4\" data-element_type=\"container\" data-e-type=\"container\" data-settings=\"{&quot;background_background&quot;:&quot;classic&quot;}\">\r\n\t\t\t\t<div class=\"elementor-element elementor-element-eb40c05 elementor-widget elementor-widget-porto_info_box\" data-id=\"eb40c05\" data-element_type=\"widget\" data-e-type=\"widget\" data-widget_type=\"porto_info_box.default\">\n\t\t\t\t<div class=\"elementor-widget-container\">\n\t\t\t\t\t<a aria-label=\"Developers \/ Editors\" class=\"porto-sicon-box-link\" href=\"\/en\/solutions\/software-escrow-agreement-on-line-continew\/\"><div class=\"porto-sicon-box style_1 top-icon\"><div class=\"porto-sicon-top\"><div class=\"porto-just-icon-wrapper porto-sicon-img  porto-icon-d751713988987e9331980363e24189ce\" style=\"\"><img fetchpriority=\"high\" decoding=\"async\" class=\"img-icon\" alt=\"\" src=\"https:\/\/continew.fr\/wp-content\/uploads\/2023\/11\/logo_entiercement_logiciel-1.png\" width=\"400\" height=\"380\" \/><\/div><\/div><div class=\"porto-sicon-header\"><h3 class=\"porto-sicon-title\" style=\"\">Developers \/ Editors<\/h3><\/div> <!-- header --><div class=\"porto-sicon-description\" style=\"\" ><p>Answer to your customers' source deposit requirements made easy and effective.<\/p>\n<div class=\"decouvrir-integration\">\n<p class=\"decouvrir-integration-text\">Discover<\/p>\n<svg class=\"svg-inline--fa fa-angle-right fa-w-8\" aria-hidden=\"true\" focusable=\"false\" data-prefix=\"fa\" data-icon=\"angle-right\" role=\"img\" xmlns=\"http:\/\/www.w3.org\/2000\/svg\" viewbox=\"0 0 256 512\" data-fa-i2svg=\"\"><path fill=\"currentColor\" d=\"M224.3 273l-136 136c-9.4 9.4-24.6 9.4-33.9 0l-22.6-22.6c-9.4-9.4-9.4-24.6 0-33.9l96.4-96.4-96.4-96.4c-9.4-9.4-9.4-24.6 0-33.9L54.3 103c9.4-9.4 24.6-9.4 33.9 0l136 136c9.5 9.4 9.5 24.6.1 34z\"><\/path><\/svg>\n<\/div><\/div> <!-- description --><\/div><!-- porto-sicon-box --><\/a>\t\t\t\t<\/div>\n\t\t\t\t<\/div>\n\t\t\t\t<\/div>\n\t\t<div class=\"elementor-element elementor-element-46d708f e-con-full ctn-card border border-top-orange p-4 icon-box-other-services col-lg-4 col-md-5 col-12 e-flex e-con e-child\" data-id=\"46d708f\" data-element_type=\"container\" data-e-type=\"container\" data-settings=\"{&quot;background_background&quot;:&quot;classic&quot;}\">\r\n\t\t\t\t<div class=\"elementor-element elementor-element-6a84e58 elementor-widget elementor-widget-porto_info_box\" data-id=\"6a84e58\" data-element_type=\"widget\" data-e-type=\"widget\" data-widget_type=\"porto_info_box.default\">\n\t\t\t\t<div class=\"elementor-widget-container\">\n\t\t\t\t\t<a aria-label=\"Specific developments users\" class=\"porto-sicon-box-link\" href=\"\/en\/solutions\/software-escrow-agreement-france\/\"><div class=\"porto-sicon-box style_1 top-icon\"><div class=\"porto-sicon-top\"><div class=\"porto-just-icon-wrapper porto-sicon-img  porto-icon-d751713988987e9331980363e24189ce\" style=\"\"><img decoding=\"async\" class=\"img-icon\" alt=\"\" src=\"https:\/\/continew.fr\/wp-content\/uploads\/2023\/11\/logo_escrow_agreement_software.webp\" width=\"245\" height=\"234\" \/><\/div><\/div><div class=\"porto-sicon-header\"><h3 class=\"porto-sicon-title\" style=\"\">Specific developments users<\/h3><\/div> <!-- header --><div class=\"porto-sicon-description\" style=\"\" ><p>Ensure availability and sustainability of purchased software and specific development.<\/p>\n\n<div class=\"decouvrir-integration\">\n<p class=\"decouvrir-integration-text\">Discover<\/p>\n<svg class=\"svg-inline--fa fa-angle-right fa-w-8\" aria-hidden=\"true\" focusable=\"false\" data-prefix=\"fa\" data-icon=\"angle-right\" role=\"img\" xmlns=\"http:\/\/www.w3.org\/2000\/svg\" viewbox=\"0 0 256 512\" data-fa-i2svg=\"\"><path fill=\"currentColor\" d=\"M224.3 273l-136 136c-9.4 9.4-24.6 9.4-33.9 0l-22.6-22.6c-9.4-9.4-9.4-24.6 0-33.9l96.4-96.4-96.4-96.4c-9.4-9.4-9.4-24.6 0-33.9L54.3 103c9.4-9.4 24.6-9.4 33.9 0l136 136c9.5 9.4 9.5 24.6.1 34z\"><\/path><\/svg>\n<\/div><\/div> <!-- description --><\/div><!-- porto-sicon-box --><\/a>\t\t\t\t<\/div>\n\t\t\t\t<\/div>\n\t\t\t\t<\/div>\n\t\t<div class=\"elementor-element elementor-element-58d146e e-con-full ctn-card border border-top-orange icon-box-other-services p-4 col-lg-4 col-md-8 col-12 e-flex e-con e-child\" data-id=\"58d146e\" data-element_type=\"container\" data-e-type=\"container\" data-settings=\"{&quot;background_background&quot;:&quot;classic&quot;}\">\r\n\t\t\t\t<div class=\"elementor-element elementor-element-2186c22 elementor-widget elementor-widget-porto_info_box\" data-id=\"2186c22\" data-element_type=\"widget\" data-e-type=\"widget\" data-widget_type=\"porto_info_box.default\">\n\t\t\t\t<div class=\"elementor-widget-container\">\n\t\t\t\t\t<a aria-label=\"Equipment or System users\" class=\"porto-sicon-box-link\" href=\"\/en\/solutions\/system-escrow-agreement-france-worldwide\/\"><div class=\"porto-sicon-box style_1 top-icon\"><div class=\"porto-sicon-top\"><div class=\"porto-just-icon-wrapper porto-sicon-img  porto-icon-d751713988987e9331980363e24189ce\" style=\"\"><img decoding=\"async\" class=\"img-icon\" alt=\"\" src=\"https:\/\/continew.fr\/wp-content\/uploads\/2023\/11\/logo_escrow_agreement_system.webp\" width=\"245\" height=\"234\" \/><\/div><\/div><div class=\"porto-sicon-header\"><h3 class=\"porto-sicon-title\" style=\"\">Equipment or System users<\/h3><\/div> <!-- header --><div class=\"porto-sicon-description\" style=\"\" ><p>Manage for the long term equipment and systems outside the direct control of your company.<\/p>\n\n<div class=\"decouvrir-integration\">\n<p class=\"decouvrir-integration-text\">Discover<\/p>\n<svg class=\"svg-inline--fa fa-angle-right fa-w-8\" aria-hidden=\"true\" focusable=\"false\" data-prefix=\"fa\" data-icon=\"angle-right\" role=\"img\" xmlns=\"http:\/\/www.w3.org\/2000\/svg\" viewbox=\"0 0 256 512\" data-fa-i2svg=\"\"><path fill=\"currentColor\" d=\"M224.3 273l-136 136c-9.4 9.4-24.6 9.4-33.9 0l-22.6-22.6c-9.4-9.4-9.4-24.6 0-33.9l96.4-96.4-96.4-96.4c-9.4-9.4-9.4-24.6 0-33.9L54.3 103c9.4-9.4 24.6-9.4 33.9 0l136 136c9.5 9.4 9.5 24.6.1 34z\"><\/path><\/svg>\n<\/div><\/div> <!-- description --><\/div><!-- porto-sicon-box --><\/a>\t\t\t\t<\/div>\n\t\t\t\t<\/div>\n\t\t\t\t<\/div>\n\t\t\t\t<\/div>\n\t\t\t\t\t<\/div>\n\t\t\t\t<\/div>\n\t\t\t\t<\/div>\n\t\t<\/div><\/div>\n\t\t\t\t\t\t<\/div>\n\t\t\t\t<\/div>\n\t\t\t\t<\/div>\n\t\t\t\t<\/div>","protected":false},"excerpt":{"rendered":"<p>L\u2019Escrow Agreement (en fran\u00e7ais : s\u00e9questre ou entiercement) est un dispositif juridique qui repose sur un contrat \u00e9tabli entre un fournisseur (d\u00e9posant), un utilisateur final (b\u00e9n\u00e9ficiaire) et un tiers de confiance (escrow agent). Sur un plan purement juridique, le contrat d\u2019Escrow Agreement met en \u0153uvre le principe de la stipulation pour autrui, r\u00e9gi par l\u2019article [&hellip;]<\/p>\n","protected":false},"author":1,"featured_media":0,"parent":11599,"menu_order":0,"comment_status":"closed","ping_status":"closed","template":"","meta":{"inline_featured_image":false,"footnotes":""},"class_list":["post-13579","page","type-page","status-publish","hentry"],"_links":{"self":[{"href":"https:\/\/continew.fr\/en\/wp-json\/wp\/v2\/pages\/13579","targetHints":{"allow":["GET"]}}],"collection":[{"href":"https:\/\/continew.fr\/en\/wp-json\/wp\/v2\/pages"}],"about":[{"href":"https:\/\/continew.fr\/en\/wp-json\/wp\/v2\/types\/page"}],"author":[{"embeddable":true,"href":"https:\/\/continew.fr\/en\/wp-json\/wp\/v2\/users\/1"}],"replies":[{"embeddable":true,"href":"https:\/\/continew.fr\/en\/wp-json\/wp\/v2\/comments?post=13579"}],"version-history":[{"count":46,"href":"https:\/\/continew.fr\/en\/wp-json\/wp\/v2\/pages\/13579\/revisions"}],"predecessor-version":[{"id":14550,"href":"https:\/\/continew.fr\/en\/wp-json\/wp\/v2\/pages\/13579\/revisions\/14550"}],"up":[{"embeddable":true,"href":"https:\/\/continew.fr\/en\/wp-json\/wp\/v2\/pages\/11599"}],"wp:attachment":[{"href":"https:\/\/continew.fr\/en\/wp-json\/wp\/v2\/media?parent=13579"}],"curies":[{"name":"wp","href":"https:\/\/api.w.org\/{rel}","templated":true}]}}