{"id":10828,"date":"2023-12-06T15:25:38","date_gmt":"2023-12-06T14:25:38","guid":{"rendered":"http:\/\/51.210.246.10\/?page_id=10828"},"modified":"2023-12-12T15:39:17","modified_gmt":"2023-12-12T14:39:17","slug":"continew-anteriorite-fiche-produit","status":"publish","type":"page","link":"https:\/\/continew.fr\/en\/continew-anteriorite-fiche-produit\/","title":{"rendered":"CONTINEW Ant\u00e9riorit\u00e9 | Fiche Produit"},"content":{"rendered":"<div data-elementor-type=\"wp-page\" data-elementor-id=\"10828\" class=\"elementor elementor-10828\">\n\t\t\t\t<div class=\"elementor-element elementor-element-9501b00 p-4 e-flex e-con-boxed e-con e-parent\" data-id=\"9501b00\" data-element_type=\"container\" data-e-type=\"container\">\r\n\t\t\t\t\t<div class=\"e-con-inner\">\r\n\t\t\t\t<div class=\"elementor-element elementor-element-3c42f62 border-left-blue  pl-3 py-2 elementor-widget elementor-widget-heading\" data-id=\"3c42f62\" data-element_type=\"widget\" data-e-type=\"widget\" data-widget_type=\"heading.default\">\n\t\t\t\t<div class=\"elementor-widget-container\">\n\t\t\t\t\t<h2 class=\"elementor-heading-title elementor-size-default\"><b>Fiche Produit<\/b> | 2 pages<\/h2>\t\t\t\t<\/div>\n\t\t\t\t<\/div>\n\t\t\t\t\t<\/div>\n\t\t\t\t<\/div>\n\t\t<div class=\"elementor-element elementor-element-e6e80f1 p-4 e-flex e-con-boxed e-con e-parent\" data-id=\"e6e80f1\" data-element_type=\"container\" data-e-type=\"container\">\r\n\t\t\t\t\t<div class=\"e-con-inner\">\r\n\t\t\t\t<div class=\"elementor-element elementor-element-1280a94 col-lg-9 elementor-widget elementor-widget-porto_ultimate_heading\" data-id=\"1280a94\" data-element_type=\"widget\" data-e-type=\"widget\" data-widget_type=\"porto_ultimate_heading.default\">\n\t\t\t\t<div class=\"elementor-widget-container\">\n\t\t\t\t\t<div class=\"porto-u-heading  porto-u-ad87e2eaf3f9c495180fe0156ddf3eb0\"><div class=\"porto-u-main-heading\"><h2    style=\"margin-bottom: 20px;\">CONTINEW Ant\u00e9riorit\u00e9 : la protection de vos contenus sur internet<\/h2><\/div><div class=\"porto-u-sub-heading\" style=\"\"><p>Dans tous les domaines o\u00f9 la propri\u00e9t\u00e9 industrielle et intellectuelle demeure un axe strat\u00e9gique face \u00e0 la concurrence, il est primordial de se prot\u00e9ger des risques de copie. Face aux enjeux \u00e9conomiques que repr\u00e9sente ce risque, CONTINEW Ant\u00e9riorit\u00e9 vous apporte une r\u00e9ponse simple et rapide : l\u2019enregistrement complet ou partiel de votre site web \u2013 textes, images, code et base de donn\u00e9es.<\/p><p>Le service CONTINEW Ant\u00e9riorit\u00e9 permet d\u2019apporter une date certaine au contenu de votre site internet et en cas de conflit de disposer de preuves opposables \u00e0 pr\u00e9senter devant un magistrat.<\/p><\/div><style>.porto-u-ad87e2eaf3f9c495180fe0156ddf3eb0.porto-u-heading{text-align:left}<\/style><\/div>\t\t\t\t<\/div>\n\t\t\t\t<\/div>\n\t\t\t\t<div class=\"elementor-element elementor-element-f1b7600 elementor-widget elementor-widget-image\" data-id=\"f1b7600\" data-element_type=\"widget\" data-e-type=\"widget\" data-widget_type=\"image.default\">\n\t\t\t\t<div class=\"elementor-widget-container\">\n\t\t\t\t\t\t\t\t\t\t\t\t\t\t\t<img fetchpriority=\"high\" decoding=\"async\" width=\"212\" height=\"300\" src=\"https:\/\/continew.be\/wp-content\/uploads\/2023\/12\/Fiche_Produit_Continew_Anteriorite_visuel-212x300.png\" class=\"attachment-medium size-medium wp-image-10830\" alt=\"\" \/>\t\t\t\t\t\t\t\t\t\t\t\t\t\t\t<\/div>\n\t\t\t\t<\/div>\n\t\t\t\t\t<\/div>\n\t\t\t\t<\/div>\n\t\t<div class=\"elementor-element elementor-element-b84f9e8 p-4 e-flex e-con-boxed elementor-invisible e-con e-child\" data-id=\"b84f9e8\" data-element_type=\"container\" data-e-type=\"container\" data-settings=\"{&quot;animation&quot;:&quot;fadeInLeft&quot;}\">\r\n\t\t\t\t\t<div class=\"e-con-inner\">\r\n\t\t\t\t<div class=\"elementor-element elementor-element-ad682a1 elementor-widget elementor-widget-shortcode\" data-id=\"ad682a1\" data-element_type=\"widget\" data-e-type=\"widget\" data-widget_type=\"shortcode.default\">\n\t\t\t\t<div class=\"elementor-widget-container\">\n\t\t\t\t\t\t\t<div class=\"elementor-shortcode\">\n<div class=\"wpcf7 no-js\" id=\"wpcf7-f10834-o1\" lang=\"fr-FR\" dir=\"ltr\" data-wpcf7-id=\"10834\">\n<div class=\"screen-reader-response\"><p role=\"status\" aria-live=\"polite\" aria-atomic=\"true\"><\/p> <ul><\/ul><\/div>\n<form action=\"\/en\/wp-json\/wp\/v2\/pages\/10828#wpcf7-f10834-o1\" method=\"post\" class=\"wpcf7-form init\" aria-label=\"Formulaire de contact\" novalidate=\"novalidate\" data-status=\"init\" data-trp-original-action=\"\/en\/wp-json\/wp\/v2\/pages\/10828#wpcf7-f10834-o1\">\n<fieldset class=\"hidden-fields-container\"><input type=\"hidden\" name=\"_wpcf7\" value=\"10834\" \/><input type=\"hidden\" name=\"_wpcf7_version\" value=\"6.1.5\" \/><input type=\"hidden\" name=\"_wpcf7_locale\" value=\"fr_FR\" \/><input type=\"hidden\" name=\"_wpcf7_unit_tag\" value=\"wpcf7-f10834-o1\" \/><input type=\"hidden\" name=\"_wpcf7_container_post\" value=\"0\" \/><input type=\"hidden\" name=\"_wpcf7_posted_data_hash\" value=\"\" \/><input type=\"hidden\" name=\"_wpcf7_recaptcha_response\" value=\"\" \/>\n<\/fieldset>\n<div class=\"contact-form-cell\">\n<label> Last name <span class=\"star\">*<\/span><\/label>\n\t<span class=\"wpcf7-form-control-wrap\" data-name=\"last-name\"><input size=\"40\" maxlength=\"30\" class=\"wpcf7-form-control wpcf7-text wpcf7-validates-as-required form-control rounded-input\" aria-required=\"true\" aria-invalid=\"false\" placeholder=\"Votre nom\" value=\"\" type=\"text\" name=\"last-name\" \/><\/span>\n<\/div>\n\n<div class=\"contact-form-cell\">\n<label> First name <span class=\"star\">*<\/span><\/label>\n\t<span class=\"wpcf7-form-control-wrap\" data-name=\"first-name\"><input size=\"40\" maxlength=\"30\" class=\"wpcf7-form-control wpcf7-text wpcf7-validates-as-required form-control rounded-input\" aria-required=\"true\" aria-invalid=\"false\" placeholder=\"Votre pr\u00e9nom\" value=\"\" type=\"text\" name=\"first-name\" \/><\/span>\n<\/div>\n\n<div class=\"contact-form-cell\">\n<label> Company <span class=\"star\">*<\/span><\/label>\n\t<span class=\"wpcf7-form-control-wrap\" data-name=\"company\"><input size=\"40\" maxlength=\"40\" class=\"wpcf7-form-control wpcf7-text wpcf7-validates-as-required form-control rounded-input\" aria-required=\"true\" aria-invalid=\"false\" placeholder=\"Votre soci\u00e9t\u00e9\" value=\"\" type=\"text\" name=\"company\" \/><\/span>\n<\/div>\n\n<div class=\"contact-form-cell\">\n<label> Email <span class=\"star\">*<\/span><\/label>\n\t<span class=\"wpcf7-form-control-wrap\" data-name=\"email\"><input size=\"40\" maxlength=\"40\" class=\"wpcf7-form-control wpcf7-email wpcf7-validates-as-required wpcf7-text wpcf7-validates-as-email form-control rounded-input\" aria-required=\"true\" aria-invalid=\"false\" placeholder=\"Votre email\" value=\"\" type=\"email\" name=\"email\" \/><\/span>\n<\/div>\n\n<div class=\"contact-form-cell\">\n<label> Message <\/label>\n\t<span class=\"wpcf7-form-control-wrap\" data-name=\"message\"><textarea cols=\"40\" rows=\"6\" maxlength=\"2000\" class=\"wpcf7-form-control wpcf7-textarea form-control no-resize rounded-input\" aria-invalid=\"false\" placeholder=\"Votre message...\" name=\"message\"><\/textarea><\/span>\n<\/div>\n\n<div class=\"mb-3\">\n<p class=\"small text-danger\"><span class=\"star\">*<\/span> Champs Obligatoire<\/p>\n<\/div>\n\n<div class=\"mb-3\">\n\t<p class=\"small translation-block\">The above data is collected by CONTINEW in order to process and monitor your request. To find out more about the management of your personal data and to exercise your rights, refer to our <a href=\"#\" style=\"color:#0099e6\" target=\"_self\">privacy policy.<\/a><\/p>\n<\/div>\n\n<div class=\"form-group text-center\">\n\t<input class=\"wpcf7-form-control wpcf7-submit has-spinner btn btn-modern btn-lg btn-gradient-perso btn-full-rounded\" type=\"submit\" value=\"Recevoir\" \/>\n<\/div><div class=\"wpcf7-response-output\" aria-hidden=\"true\"><\/div>\n<input type=\"hidden\" name=\"trp-form-language\" value=\"en\"\/><\/form>\n<\/div>\n<\/div>\n\t\t\t\t\t\t<\/div>\n\t\t\t\t<\/div>\n\t\t\t\t\t<\/div>\n\t\t\t\t<\/div>\n\t\t\t\t<\/div>","protected":false},"excerpt":{"rendered":"<p>Fiche Produit | 2 pages CONTINEW Ant\u00e9riorit\u00e9 : la protection de vos contenus sur internet Dans tous les domaines o\u00f9 la propri\u00e9t\u00e9 industrielle et intellectuelle demeure un axe strat\u00e9gique face \u00e0 la concurrence, il est primordial de se prot\u00e9ger des risques de copie. Face aux enjeux \u00e9conomiques que repr\u00e9sente ce risque, CONTINEW Ant\u00e9riorit\u00e9 vous apporte [&hellip;]<\/p>\n","protected":false},"author":1,"featured_media":0,"parent":0,"menu_order":0,"comment_status":"closed","ping_status":"closed","template":"","meta":{"inline_featured_image":false,"footnotes":""},"class_list":["post-10828","page","type-page","status-publish","hentry"],"_links":{"self":[{"href":"https:\/\/continew.fr\/en\/wp-json\/wp\/v2\/pages\/10828","targetHints":{"allow":["GET"]}}],"collection":[{"href":"https:\/\/continew.fr\/en\/wp-json\/wp\/v2\/pages"}],"about":[{"href":"https:\/\/continew.fr\/en\/wp-json\/wp\/v2\/types\/page"}],"author":[{"embeddable":true,"href":"https:\/\/continew.fr\/en\/wp-json\/wp\/v2\/users\/1"}],"replies":[{"embeddable":true,"href":"https:\/\/continew.fr\/en\/wp-json\/wp\/v2\/comments?post=10828"}],"version-history":[{"count":10,"href":"https:\/\/continew.fr\/en\/wp-json\/wp\/v2\/pages\/10828\/revisions"}],"predecessor-version":[{"id":11074,"href":"https:\/\/continew.fr\/en\/wp-json\/wp\/v2\/pages\/10828\/revisions\/11074"}],"wp:attachment":[{"href":"https:\/\/continew.fr\/en\/wp-json\/wp\/v2\/media?parent=10828"}],"curies":[{"name":"wp","href":"https:\/\/api.w.org\/{rel}","templated":true}]}}